{"id":1839,"date":"2025-08-19T16:00:01","date_gmt":"2025-08-19T08:00:01","guid":{"rendered":"https:\/\/www.ouyabeauty.com\/?post_type=product&#038;p=1839"},"modified":"2026-01-30T17:26:13","modified_gmt":"2026-01-30T09:26:13","slug":"custom-color-nude-cream-spf-30pa-manufacturer-private-label-available-fbc0001-a01","status":"publish","type":"product","link":"https:\/\/www.ouyabeauty.com\/es\/product\/custom-color-nude-cream-spf-30pa-manufacturer-private-label-available-fbc0001-a01\/","title":{"rendered":"Crema desnuda de color personalizado SPF 30PA fabricante etiqueta privada disponible FBC0001-A01"},"content":{"rendered":"<p><span style=\"font-size: 18pt; color: #bb1e32;\"><strong><b>C\u00f3mo utilizar:<\/b><\/strong><\/span><\/p>\n<p>1.Obtenga la cantidad correcta: Exprime una cantidad del tama\u00f1o del guisante cada vez. Haga esto algunas veces, lo suficiente para cubrir toda su cara.<\/p>\n<p>2.Blend uniformemente: suavizar en su cara; Tiene una textura cremosa e hidratante. Incluso si eres nuevo en el maquillaje, no se necesitan habilidades especiales.<\/p>\n<p>3.Masaje en c\u00edrculos: Frotala usando movimientos circulares en la misma direcci\u00f3n. Recibir\u00e1s al instante un resplandor brillante y fresco \u201csin maquillaje\u201d.<\/p>","protected":false},"excerpt":{"rendered":"<p><span style=\"font-size: 18pt; color: #bb1e32;\"><strong><b>\u00bfQu\u00e9 es:<\/b><\/strong><\/span><\/p>\n<p>25ml de crema desnuda LADYHOOD en 5 colores \u2013 Se adapta al 95% de la poblaci\u00f3n en todos los tipos de piel. Respirable, ligero, construye un aspecto natural de la piel. 4-en-1 (base de base de crema solar hidratante) simplifica la rutina. La textura cremosa se desliza f\u00e1cilmente (no se necesita base \/ habilidades, f\u00e1cil de quitar). Alimenta la piel, ofrece protecci\u00f3n solar de amplio espectro (anti-opacidad, anti-quemaduras solares). Con glicerina\/aloe\/vitamina E. 25 a\u00f1os de experiencia en la marca, formulaciones globalmente compatibles, calidad confiable en la que puede confiar.<\/p>","protected":false},"featured_media":1844,"comment_status":"closed","ping_status":"closed","template":"","meta":[],"product_brand":[],"product_cat":[29,15],"product_tag":[],"class_list":{"0":"post-1839","1":"product","2":"type-product","3":"status-publish","4":"has-post-thumbnail","6":"product_cat-face-makeup","7":"product_cat-makeup","9":"first","10":"instock","11":"shipping-taxable","12":"product-type-simple"},"_links":{"self":[{"href":"https:\/\/www.ouyabeauty.com\/es\/wp-json\/wp\/v2\/product\/1839","targetHints":{"allow":["GET"]}}],"collection":[{"href":"https:\/\/www.ouyabeauty.com\/es\/wp-json\/wp\/v2\/product"}],"about":[{"href":"https:\/\/www.ouyabeauty.com\/es\/wp-json\/wp\/v2\/types\/product"}],"replies":[{"embeddable":true,"href":"https:\/\/www.ouyabeauty.com\/es\/wp-json\/wp\/v2\/comments?post=1839"}],"wp:featuredmedia":[{"embeddable":true,"href":"https:\/\/www.ouyabeauty.com\/es\/wp-json\/wp\/v2\/media\/1844"}],"wp:attachment":[{"href":"https:\/\/www.ouyabeauty.com\/es\/wp-json\/wp\/v2\/media?parent=1839"}],"wp:term":[{"taxonomy":"product_brand","embeddable":true,"href":"https:\/\/www.ouyabeauty.com\/es\/wp-json\/wp\/v2\/product_brand?post=1839"},{"taxonomy":"product_cat","embeddable":true,"href":"https:\/\/www.ouyabeauty.com\/es\/wp-json\/wp\/v2\/product_cat?post=1839"},{"taxonomy":"product_tag","embeddable":true,"href":"https:\/\/www.ouyabeauty.com\/es\/wp-json\/wp\/v2\/product_tag?post=1839"}],"curies":[{"name":"WP","href":"https:\/\/api.w.org\/{rel}","templated":true}]}}