{"id":2159,"date":"2025-08-20T15:04:27","date_gmt":"2025-08-20T07:04:27","guid":{"rendered":"https:\/\/www.ouyabeauty.com\/?post_type=product&#038;p=2159"},"modified":"2026-01-30T17:29:22","modified_gmt":"2026-01-30T09:29:22","slug":"custom-2-in-1-concealer-foundation-manufactures-ff0001-a08","status":"publish","type":"product","link":"https:\/\/www.ouyabeauty.com\/es\/product\/custom-2-in-1-concealer-foundation-manufactures-ff0001-a08\/","title":{"rendered":"Concealer personalizado 2 en 1 &#038; Fundaci\u00f3n Fabrica FF0001-A08"},"content":{"rendered":"<p><span style=\"font-size: 18pt; color: #bb1e32;\"><strong><b>\u00bfC\u00f3mo aplicar?<\/b><\/strong><\/span><\/p>\n<p>Para preparar la piel, puede comenzar con piel limpia y seca. Aplique su hidratante a fondo y deje que se absorbe completamente. Puede ayudar a crear una buena base para cualquier maquillaje.<\/p>\n<p>Usando un cepillo de fundaci\u00f3n, una esponja de belleza o los dedos, puede calentar el corrector entre los dedos y darle una palmadita sobre las imperfecciones para corregir. El corrector se puede usar como una base de sombra de ojos para ayudar a construir un hermoso acabado de sombra de ojos.<\/p>\n<p>Aplicar la base, puede comenzar en el centro de su cara y mezclar hacia fuera. Conc\u00e9ntrese en la cara que necesita m\u00e1s cobertura, como manchas o enrojecimiento. Espere a que la primera capa se seque ligeramente antes de a\u00f1adir m\u00e1s. Ayudar\u00e1 a evitar la congesti\u00f3n y asegurar un acabado natural.<\/p>\n<p>Para obtener un acabado m\u00e1s mate, puede establecer la base con un ligero polvo de polvo transl\u00facido. Esto ayudar\u00e1 a prolongar el desgaste y dar\u00e1 a su piel un acabado m\u00e1s mate.<\/p>","protected":false},"excerpt":{"rendered":"<p><span style=\"font-size: 18pt; color: #bb1e32;\"><strong><b>\u00bfQu\u00e9 es<\/b><\/strong><\/span><\/p>\n<p>Si quieres lograr una piel perfecta y radiante con un solo deslizamiento, nos gustar\u00eda presentarte nuestro Concealer 2-IN-1 de uso m\u00faltiple. Fundaci\u00f3n. Se beneficia de una loci\u00f3n hidratante, un corrector de alto rendimiento y una base, proporcionando hidrataci\u00f3n y una cobertura perfecta en una aplicaci\u00f3n sencilla. La lujosa f\u00f3rmula est\u00e1 enriquecida con ingredientes nutritivos para hidratar y proteger la piel, asegurando una piel suave y uniforme que dura todo el d\u00eda.<\/p>","protected":false},"featured_media":2161,"comment_status":"closed","ping_status":"closed","template":"","meta":[],"product_brand":[],"product_cat":[15],"product_tag":[],"class_list":{"0":"post-2159","1":"product","2":"type-product","3":"status-publish","4":"has-post-thumbnail","6":"product_cat-makeup","8":"first","9":"instock","10":"shipping-taxable","11":"product-type-simple"},"_links":{"self":[{"href":"https:\/\/www.ouyabeauty.com\/es\/wp-json\/wp\/v2\/product\/2159","targetHints":{"allow":["GET"]}}],"collection":[{"href":"https:\/\/www.ouyabeauty.com\/es\/wp-json\/wp\/v2\/product"}],"about":[{"href":"https:\/\/www.ouyabeauty.com\/es\/wp-json\/wp\/v2\/types\/product"}],"replies":[{"embeddable":true,"href":"https:\/\/www.ouyabeauty.com\/es\/wp-json\/wp\/v2\/comments?post=2159"}],"wp:featuredmedia":[{"embeddable":true,"href":"https:\/\/www.ouyabeauty.com\/es\/wp-json\/wp\/v2\/media\/2161"}],"wp:attachment":[{"href":"https:\/\/www.ouyabeauty.com\/es\/wp-json\/wp\/v2\/media?parent=2159"}],"wp:term":[{"taxonomy":"product_brand","embeddable":true,"href":"https:\/\/www.ouyabeauty.com\/es\/wp-json\/wp\/v2\/product_brand?post=2159"},{"taxonomy":"product_cat","embeddable":true,"href":"https:\/\/www.ouyabeauty.com\/es\/wp-json\/wp\/v2\/product_cat?post=2159"},{"taxonomy":"product_tag","embeddable":true,"href":"https:\/\/www.ouyabeauty.com\/es\/wp-json\/wp\/v2\/product_tag?post=2159"}],"curies":[{"name":"WP","href":"https:\/\/api.w.org\/{rel}","templated":true}]}}