{"id":2160,"date":"2025-08-20T15:05:12","date_gmt":"2025-08-20T07:05:12","guid":{"rendered":"https:\/\/www.ouyabeauty.com\/?post_type=product&#038;p=2160"},"modified":"2026-01-30T17:19:25","modified_gmt":"2026-01-30T09:19:25","slug":"ultra-coverage-matte-with-hyaluronic-acid-vitamin-e-foundation-supplier-ff0001-a05","status":"publish","type":"product","link":"https:\/\/www.ouyabeauty.com\/es\/product\/ultra-coverage-matte-with-hyaluronic-acid-vitamin-e-foundation-supplier-ff0001-a05\/","title":{"rendered":"Mat ultra-cobertura con \u00e1cido hialur\u00f3nico &#038; Proveedor de Fundaci\u00f3n VitamIn E FF0001-A05"},"content":{"rendered":"<p><span style=\"color: #bb1e32; font-size: 18pt;\"><strong><b>C\u00f3mo utilizar<\/b><\/strong><strong><b>:<\/b><\/strong><\/span><\/p>\n<p>Paso 1: Presiona para obtener una bomba de fundaci\u00f3n y salpiciala por toda la cara con las puntas de los dedos. Consejos, aplicar a partir del centro de la cara y mezclar hacia la mand\u00edbula y la l\u00ednea del cabello.<\/p>\n<p>Paso 2: Usa un puff seco o un puff que ha sido humedecido y exprimido para secar r\u00e1pidamente la fundaci\u00f3n de forma uniforme por todas partes.<\/p>\n<p>Paso 3: Para manchas, aplique un poco m\u00e1s de fundaci\u00f3n varias veces.<\/p>","protected":false},"excerpt":{"rendered":"<p><span style=\"font-size: 18pt; color: #bb1e32;\"><strong><b>\u00bfQu\u00e9 es:<\/b><\/strong><\/span><\/p>\n<p>\u00bfCansado de desvanecerse o de maquillaje de base?  \u00a1La Fundaci\u00f3n Matte FF0001-A05 es tu salvador! Viene en un tama\u00f1o de 40 ml con tonos personalizables, que se adaptan a todos los tipos de piel, f\u00e1cil de encontrar su combinaci\u00f3n perfecta. Se mantiene colocado durante 24 horas (sin parches) y se mezcla mejor cuanto m\u00e1s tiempo lo uses. Con un acabado natural de piel desnuda, cubre las marcas de acn\u00e9 y el enrojecimiento mientras deja que tu brillo aparezca, manteni\u00e9ndote radiante todo el d\u00eda.<\/p>","protected":false},"featured_media":2162,"comment_status":"closed","ping_status":"closed","template":"","meta":[],"product_brand":[],"product_cat":[15],"product_tag":[],"class_list":{"0":"post-2160","1":"product","2":"type-product","3":"status-publish","4":"has-post-thumbnail","6":"product_cat-makeup","8":"first","9":"instock","10":"shipping-taxable","11":"product-type-simple"},"_links":{"self":[{"href":"https:\/\/www.ouyabeauty.com\/es\/wp-json\/wp\/v2\/product\/2160","targetHints":{"allow":["GET"]}}],"collection":[{"href":"https:\/\/www.ouyabeauty.com\/es\/wp-json\/wp\/v2\/product"}],"about":[{"href":"https:\/\/www.ouyabeauty.com\/es\/wp-json\/wp\/v2\/types\/product"}],"replies":[{"embeddable":true,"href":"https:\/\/www.ouyabeauty.com\/es\/wp-json\/wp\/v2\/comments?post=2160"}],"wp:featuredmedia":[{"embeddable":true,"href":"https:\/\/www.ouyabeauty.com\/es\/wp-json\/wp\/v2\/media\/2162"}],"wp:attachment":[{"href":"https:\/\/www.ouyabeauty.com\/es\/wp-json\/wp\/v2\/media?parent=2160"}],"wp:term":[{"taxonomy":"product_brand","embeddable":true,"href":"https:\/\/www.ouyabeauty.com\/es\/wp-json\/wp\/v2\/product_brand?post=2160"},{"taxonomy":"product_cat","embeddable":true,"href":"https:\/\/www.ouyabeauty.com\/es\/wp-json\/wp\/v2\/product_cat?post=2160"},{"taxonomy":"product_tag","embeddable":true,"href":"https:\/\/www.ouyabeauty.com\/es\/wp-json\/wp\/v2\/product_tag?post=2160"}],"curies":[{"name":"WP","href":"https:\/\/api.w.org\/{rel}","templated":true}]}}