{"id":2163,"date":"2025-08-20T15:06:00","date_gmt":"2025-08-20T07:06:00","guid":{"rendered":"https:\/\/www.ouyabeauty.com\/?post_type=product&#038;p=2163"},"modified":"2026-01-30T17:02:25","modified_gmt":"2026-01-30T09:02:25","slug":"private-label-nourishing-liquid-foundation-manufacturer-ff0001-a06","status":"publish","type":"product","link":"https:\/\/www.ouyabeauty.com\/es\/product\/private-label-nourishing-liquid-foundation-manufacturer-ff0001-a06\/","title":{"rendered":"Marca privada Fundaci\u00f3n l\u00edquida nutritiva Fabricante FF0001-A06"},"content":{"rendered":"<p><span style=\"font-size: 18pt; color: #bb1e32;\"><strong><b>C\u00f3mo utilizar<\/b><\/strong>:<\/span><\/p>\n<p>Paso 1: Aplicar sobre la piel h\u00fameda. Hacer cuidado b\u00e1sico de la piel y hidratar primero, luego aplicar la base cuando su piel est\u00e1 h\u00fameda y ligeramente pegajosa.<\/p>\n<p>Paso 2: Dispersi\u00f3n uniforme. Tome media bomba de fundaci\u00f3n (aproximadamente del tama\u00f1o de dos sojas) y esparcela uniformemente sobre sus mejillas.<\/p>\n<p>PASO 3: Pat con un soplo h\u00famedo. Se recomienda humedecer la bocadura, exprimir el exceso de agua y luego aplastar r\u00e1pidamente. Aplicar en peque\u00f1as cantidades varias veces por secciones.<\/p>","protected":false},"excerpt":{"rendered":"<p><span style=\"font-size: 18pt; color: #bb1e32;\"><strong><b>\u00bfQu\u00e9 es<\/b><\/strong>:<\/span><\/p>\n<p>LADYHOOD Starry Light Skin-Loving Foundation es b\u00e1sicamente un vaso alto de agua para la piel seca. La textura es suave y sedosa y muy f\u00e1cil de empujar. La cara superior no solo se ajusta al tipo de piel para crear una superficie de maquillaje natural, sino que tambi\u00e9n se basa en las propiedades hidratantes y nutritivas para mantener el maquillaje de base hidratado y libre de arrugas durante mucho tiempo. Es el mejor maquillaje base que tiene en cuenta tanto el efecto del maquillaje como la sensaci\u00f3n de la piel.<\/p>","protected":false},"featured_media":2165,"comment_status":"closed","ping_status":"closed","template":"","meta":[],"product_brand":[],"product_cat":[29,15],"product_tag":[],"class_list":{"0":"post-2163","1":"product","2":"type-product","3":"status-publish","4":"has-post-thumbnail","6":"product_cat-face-makeup","7":"product_cat-makeup","9":"first","10":"instock","11":"shipping-taxable","12":"product-type-simple"},"_links":{"self":[{"href":"https:\/\/www.ouyabeauty.com\/es\/wp-json\/wp\/v2\/product\/2163","targetHints":{"allow":["GET"]}}],"collection":[{"href":"https:\/\/www.ouyabeauty.com\/es\/wp-json\/wp\/v2\/product"}],"about":[{"href":"https:\/\/www.ouyabeauty.com\/es\/wp-json\/wp\/v2\/types\/product"}],"replies":[{"embeddable":true,"href":"https:\/\/www.ouyabeauty.com\/es\/wp-json\/wp\/v2\/comments?post=2163"}],"wp:featuredmedia":[{"embeddable":true,"href":"https:\/\/www.ouyabeauty.com\/es\/wp-json\/wp\/v2\/media\/2165"}],"wp:attachment":[{"href":"https:\/\/www.ouyabeauty.com\/es\/wp-json\/wp\/v2\/media?parent=2163"}],"wp:term":[{"taxonomy":"product_brand","embeddable":true,"href":"https:\/\/www.ouyabeauty.com\/es\/wp-json\/wp\/v2\/product_brand?post=2163"},{"taxonomy":"product_cat","embeddable":true,"href":"https:\/\/www.ouyabeauty.com\/es\/wp-json\/wp\/v2\/product_cat?post=2163"},{"taxonomy":"product_tag","embeddable":true,"href":"https:\/\/www.ouyabeauty.com\/es\/wp-json\/wp\/v2\/product_tag?post=2163"}],"curies":[{"name":"WP","href":"https:\/\/api.w.org\/{rel}","templated":true}]}}