{"id":2164,"date":"2025-08-20T15:06:38","date_gmt":"2025-08-20T07:06:38","guid":{"rendered":"https:\/\/www.ouyabeauty.com\/?post_type=product&#038;p=2164"},"modified":"2026-01-30T16:43:55","modified_gmt":"2026-01-30T08:43:55","slug":"fluid-perfection-liquid-foundation-manufacturer-fcc0001-a03","status":"publish","type":"product","link":"https:\/\/www.ouyabeauty.com\/es\/product\/fluid-perfection-liquid-foundation-manufacturer-fcc0001-a03\/","title":{"rendered":"Fundaci\u00f3n l\u00edquida de perfecci\u00f3n l\u00edquida fabricante FCC0001-A03"},"content":{"rendered":"<p><span style=\"color: #bb1e32;\"><strong><b><span style=\"font-size: 18pt;\">C\u00f3mo utilizar:<\/span> <\/b><\/strong><\/span><\/p>\n<p>1. Tome una cantidad del tama\u00f1o de la soja y deje caer en la parte posterior de su mano. Dado que es una f\u00f3rmula concentrada, es mejor tomar peque\u00f1as cantidades varias veces.<\/p>\n<p>2. Ponga un punto en un lado de la cara, extiende de manera uniforme desde el interior hacia afuera, luego tapa r\u00e1pidamente con un soplo para mezclar, aplique en secciones.<\/p>\n<p>3. Para las manchas, use el puff para recoger algo de fundaci\u00f3n y la capa en esas \u00e1reas para una cobertura adicional.<\/p>\n<p>4. Una vez hecho, ajuste con su producto de ajuste favorito para bloquear el maquillaje en su lugar.<\/p>","protected":false},"excerpt":{"rendered":"<p><span style=\"font-size: 18pt; color: #bb1e32;\"><strong><b>\u00bfQu\u00e9 es:<\/b><\/strong><\/span><\/p>\n<p>Esta base de 25 ml viene con una gama de tonos personalizables para coincidir perfectamente con cada tono de piel. Es lujosamente hidratante, se mezcla perfectamente con la piel sin establecerse en l\u00edneas finas y se mantiene perfectamente en su lugar de ma\u00f1ana a noche. Debido a los antioxidantes m\u00e1s propiedades resistentes al agua y al sudor, mantiene el brillo durante todo el d\u00eda y cubre perfectamente las manchas y el enrojecimiento para una piel impecable.<\/p>","protected":false},"featured_media":2166,"comment_status":"closed","ping_status":"closed","template":"","meta":[],"product_brand":[],"product_cat":[29,15],"product_tag":[],"class_list":{"0":"post-2164","1":"product","2":"type-product","3":"status-publish","4":"has-post-thumbnail","6":"product_cat-face-makeup","7":"product_cat-makeup","9":"first","10":"instock","11":"shipping-taxable","12":"product-type-simple"},"_links":{"self":[{"href":"https:\/\/www.ouyabeauty.com\/es\/wp-json\/wp\/v2\/product\/2164","targetHints":{"allow":["GET"]}}],"collection":[{"href":"https:\/\/www.ouyabeauty.com\/es\/wp-json\/wp\/v2\/product"}],"about":[{"href":"https:\/\/www.ouyabeauty.com\/es\/wp-json\/wp\/v2\/types\/product"}],"replies":[{"embeddable":true,"href":"https:\/\/www.ouyabeauty.com\/es\/wp-json\/wp\/v2\/comments?post=2164"}],"wp:featuredmedia":[{"embeddable":true,"href":"https:\/\/www.ouyabeauty.com\/es\/wp-json\/wp\/v2\/media\/2166"}],"wp:attachment":[{"href":"https:\/\/www.ouyabeauty.com\/es\/wp-json\/wp\/v2\/media?parent=2164"}],"wp:term":[{"taxonomy":"product_brand","embeddable":true,"href":"https:\/\/www.ouyabeauty.com\/es\/wp-json\/wp\/v2\/product_brand?post=2164"},{"taxonomy":"product_cat","embeddable":true,"href":"https:\/\/www.ouyabeauty.com\/es\/wp-json\/wp\/v2\/product_cat?post=2164"},{"taxonomy":"product_tag","embeddable":true,"href":"https:\/\/www.ouyabeauty.com\/es\/wp-json\/wp\/v2\/product_tag?post=2164"}],"curies":[{"name":"WP","href":"https:\/\/api.w.org\/{rel}","templated":true}]}}