{"id":2167,"date":"2025-08-20T15:08:11","date_gmt":"2025-08-20T07:08:11","guid":{"rendered":"https:\/\/www.ouyabeauty.com\/?post_type=product&#038;p=2167"},"modified":"2026-01-30T16:29:00","modified_gmt":"2026-01-30T08:29:00","slug":"custom-hydrating-foundation-stick-manufacturer-private-label-available-fs0001-a01","status":"publish","type":"product","link":"https:\/\/www.ouyabeauty.com\/es\/product\/custom-hydrating-foundation-stick-manufacturer-private-label-available-fs0001-a01\/","title":{"rendered":"LADYHOOD Black-dorado sat\u00e9n-h\u00famedo bast\u00f3n de fundaci\u00f3n de cobertura completa FS0001-A01"},"content":{"rendered":"<p><strong><span style=\"font-size: 18pt; color: #bb1e32;\">C\u00f3mo utilizar:<\/span><\/strong><\/p>\n<p>Paso 1: Use el bast\u00f3n de fundaci\u00f3n de cobertura completa de sat\u00e9n dorado negro para crear una base lisa.<\/p>\n<p>Por aplicaci\u00f3n inferior: Torciendo 0,1-0,2 cm del bast\u00f3n de fundaci\u00f3n, deslizarlo ligeramente directamente en su cara sin problemas. Mezclando, utilice la punta del dedo o un puff para aplaudir suavemente y extender la fundaci\u00f3n desde el centro de su cara hacia afuera; no frote duro. Para marcas de acn\u00e9 o enrojecimiento, golpear un extra 2 veces. Puedes mezclar toda la cara en los primeros 30 segundos. Los retoques son a\u00fan m\u00e1s f\u00e1ciles: cuando tu maquillaje se desvanezca debido a la oleosidad, simplemente ponce el bast\u00f3n de fundaci\u00f3n 2 veces en las \u00e1reas desvanecidas, y luego tapicea con un soplo para mezclar. No es necesario quitar el maquillaje y volver a aplicarlo: su apariencia perfecta se restaura r\u00e1pidamente.<\/p>\n<p>Paso 2: Contorne con un tono m\u00e1s profundo bajo la mejilla, la mand\u00edbula y alrededor de la nariz para definir la cara.<\/p>\n<p>Paso 3: Mezclar para revelar la dimensi\u00f3n.<\/p>\n<p>Paso 4: Conjunto con polvo.<\/p>\n<p>Paso 5: Terminar con Blush.<\/p>","protected":false},"excerpt":{"rendered":"<p><strong><span style=\"font-size: 18pt; color: #bb1e32;\">\u00bfQu\u00e9 es:<\/span><\/strong><\/p>\n<p>LADYHOOD Foundation Sticks hace maravillas! Con un corrector alto, se adhiere estrechamente a la piel. Se mantiene hidratado durante todo el d\u00eda. Aplicar maquillaje en 30 segundos, tocar directamente con un punto. Con 20 a\u00f1os de experiencia como fabricante por contrato para las principales marcas de belleza, este bast\u00f3n de fundaci\u00f3n es seguro para todos los tipos de piel.<\/p>","protected":false},"featured_media":2168,"comment_status":"closed","ping_status":"closed","template":"","meta":[],"product_brand":[],"product_cat":[29,15],"product_tag":[],"class_list":{"0":"post-2167","1":"product","2":"type-product","3":"status-publish","4":"has-post-thumbnail","6":"product_cat-face-makeup","7":"product_cat-makeup","9":"first","10":"instock","11":"shipping-taxable","12":"product-type-simple"},"_links":{"self":[{"href":"https:\/\/www.ouyabeauty.com\/es\/wp-json\/wp\/v2\/product\/2167","targetHints":{"allow":["GET"]}}],"collection":[{"href":"https:\/\/www.ouyabeauty.com\/es\/wp-json\/wp\/v2\/product"}],"about":[{"href":"https:\/\/www.ouyabeauty.com\/es\/wp-json\/wp\/v2\/types\/product"}],"replies":[{"embeddable":true,"href":"https:\/\/www.ouyabeauty.com\/es\/wp-json\/wp\/v2\/comments?post=2167"}],"wp:featuredmedia":[{"embeddable":true,"href":"https:\/\/www.ouyabeauty.com\/es\/wp-json\/wp\/v2\/media\/2168"}],"wp:attachment":[{"href":"https:\/\/www.ouyabeauty.com\/es\/wp-json\/wp\/v2\/media?parent=2167"}],"wp:term":[{"taxonomy":"product_brand","embeddable":true,"href":"https:\/\/www.ouyabeauty.com\/es\/wp-json\/wp\/v2\/product_brand?post=2167"},{"taxonomy":"product_cat","embeddable":true,"href":"https:\/\/www.ouyabeauty.com\/es\/wp-json\/wp\/v2\/product_cat?post=2167"},{"taxonomy":"product_tag","embeddable":true,"href":"https:\/\/www.ouyabeauty.com\/es\/wp-json\/wp\/v2\/product_tag?post=2167"}],"curies":[{"name":"WP","href":"https:\/\/api.w.org\/{rel}","templated":true}]}}