{"id":2169,"date":"2025-08-20T15:09:25","date_gmt":"2025-08-20T07:09:25","guid":{"rendered":"https:\/\/www.ouyabeauty.com\/?post_type=product&#038;p=2169"},"modified":"2026-01-30T16:29:24","modified_gmt":"2026-01-30T08:29:24","slug":"bb-cream-air-cushion-cream-face-makeup-wholesale-fa02606001","status":"publish","type":"product","link":"https:\/\/www.ouyabeauty.com\/es\/product\/bb-cream-air-cushion-cream-face-makeup-wholesale-fa02606001\/","title":{"rendered":"BB crema de coj\u00edn de aire crema de maquillaje de cara al por mayor FA02606001"},"content":{"rendered":"<p><span style=\"font-size: 18pt; color: #bb1e32;\"><strong><b>\u00bfC\u00f3mo aplicar?<\/b><\/strong><\/span><\/p>\n<p>1. Activaci\u00f3n: Para uso por primera vez, presione la malla 3-4 veces con el soplo para activar el producto.<\/p>\n<p>2. Recogida del producto: Inserta los dos dedos medios en la bolsa de puff, luego recoge suavemente el producto girando o barriendo el polvo por puff.<\/p>\n<p>Nota: No presione duro para tomar el polvo. Toca ligeramente y crea capas delgadas para un aspecto impecable.<\/p>\n<p>3. Aplicaci\u00f3n y mezcla: presione el puff r\u00e1pidamente sobre peque\u00f1as \u00e1reas de la cara. Aplique ligeramente en \u00e1reas con manchas pesadas y acumule capas seg\u00fan sea necesario para un acabado instant\u00e1neo sin defectos.<\/p>","protected":false},"excerpt":{"rendered":"<p><span style=\"color: #bb1e32; font-size: 18pt;\"><strong><b>\u00bfQu\u00e9 es:<\/b><\/strong><\/span><\/p>\n<p>Este coj\u00edn de aire de 7g es s\u00faper sin problemas: el puff de alta elasticidad se mezcla a la perfecci\u00f3n con solo unas pocas tapas. Su polvo ultrafino es ligero y transpirable, con cobertura durante todo el d\u00eda y desgaste de larga duraci\u00f3n. La f\u00f3rmula infundida con esencia imparte un resplandor natural, ideal para los tipos de piel grasa, seca y combinada! Mejor a\u00fan, es totalmente personalizable: elige entre tonos de fundaci\u00f3n naturales y brillantes, y patrones de carcasa a medida, as\u00ed como acabados y colores de embalaje. Perfecto para uso personal y personalizaci\u00f3n de marca. Imposible resistir un coj\u00edn de aire que &#8220; eficaz y \u00fanico&#8221;!<\/p>","protected":false},"featured_media":2172,"comment_status":"closed","ping_status":"closed","template":"","meta":[],"product_brand":[],"product_cat":[29,15],"product_tag":[],"class_list":{"0":"post-2169","1":"product","2":"type-product","3":"status-publish","4":"has-post-thumbnail","6":"product_cat-face-makeup","7":"product_cat-makeup","9":"first","10":"instock","11":"shipping-taxable","12":"product-type-simple"},"_links":{"self":[{"href":"https:\/\/www.ouyabeauty.com\/es\/wp-json\/wp\/v2\/product\/2169","targetHints":{"allow":["GET"]}}],"collection":[{"href":"https:\/\/www.ouyabeauty.com\/es\/wp-json\/wp\/v2\/product"}],"about":[{"href":"https:\/\/www.ouyabeauty.com\/es\/wp-json\/wp\/v2\/types\/product"}],"replies":[{"embeddable":true,"href":"https:\/\/www.ouyabeauty.com\/es\/wp-json\/wp\/v2\/comments?post=2169"}],"wp:featuredmedia":[{"embeddable":true,"href":"https:\/\/www.ouyabeauty.com\/es\/wp-json\/wp\/v2\/media\/2172"}],"wp:attachment":[{"href":"https:\/\/www.ouyabeauty.com\/es\/wp-json\/wp\/v2\/media?parent=2169"}],"wp:term":[{"taxonomy":"product_brand","embeddable":true,"href":"https:\/\/www.ouyabeauty.com\/es\/wp-json\/wp\/v2\/product_brand?post=2169"},{"taxonomy":"product_cat","embeddable":true,"href":"https:\/\/www.ouyabeauty.com\/es\/wp-json\/wp\/v2\/product_cat?post=2169"},{"taxonomy":"product_tag","embeddable":true,"href":"https:\/\/www.ouyabeauty.com\/es\/wp-json\/wp\/v2\/product_tag?post=2169"}],"curies":[{"name":"WP","href":"https:\/\/api.w.org\/{rel}","templated":true}]}}