{"id":2170,"date":"2025-08-20T15:10:29","date_gmt":"2025-08-20T07:10:29","guid":{"rendered":"https:\/\/www.ouyabeauty.com\/?post_type=product&#038;p=2170"},"modified":"2026-01-30T15:54:47","modified_gmt":"2026-01-30T07:54:47","slug":"true-to-myself-tinted-pressed-talc-free-powder-wholesale-fp0001-a02","status":"publish","type":"product","link":"https:\/\/www.ouyabeauty.com\/es\/product\/true-to-myself-tinted-pressed-talc-free-powder-wholesale-fp0001-a02\/","title":{"rendered":"Multi-efecto prensado polvo libre de talco al por mayor FP0001-A02"},"content":{"rendered":"<p><span style=\"font-size: 18pt; color: #bb1e32;\"><strong><b>\u00bfQu\u00e9 es:<\/b><\/strong><\/span><\/p>\n<p>LADYHOOD Multi-Effect Pressed Powder se adapta a todos los tipos de piel y ofrece opciones de color personalizadas. Ofrece un desgaste prolongado de 18 horas y un fuerte control del aceite, borra los poros sin un acabado en polvo y se aplica suavemente para retoques sin embotellamiento. Combinando correcci\u00f3n de color, maquillaje base, ajuste y retoque en uno, est\u00e1 respaldado por los 20 a\u00f1os de experiencia profesional de OUYA BEAUTY y cumple con los est\u00e1ndares globales de cumplimiento. Compacto y port\u00e1til, es una belleza imprescindible esencial para los desplazamientos y viajes diarios.<\/p>","protected":false},"excerpt":{"rendered":"<p><span style=\"font-size: 18pt; color: #bb1e32;\"><strong><b>\u00bfQu\u00e9 es:<\/b><\/strong><\/span><\/p>\n<p>LADYHOOD Multi-Effect Pressed Powder se adapta a todos los tipos de piel y ofrece opciones de color personalizadas. Ofrece un desgaste prolongado de 18 horas y un fuerte control del aceite, borra los poros sin un acabado en polvo y se aplica suavemente para retoques sin embotellamiento. Combinando correcci\u00f3n de color, maquillaje base, ajuste y retoque en uno, est\u00e1 respaldado por los 20 a\u00f1os de experiencia profesional de OUYA BEAUTY y cumple con los est\u00e1ndares globales de cumplimiento. Compacto y port\u00e1til, es una belleza imprescindible esencial para los desplazamientos y viajes diarios.<\/p>","protected":false},"featured_media":2173,"comment_status":"closed","ping_status":"closed","template":"","meta":[],"product_brand":[],"product_cat":[29,15],"product_tag":[],"class_list":{"0":"post-2170","1":"product","2":"type-product","3":"status-publish","4":"has-post-thumbnail","6":"product_cat-face-makeup","7":"product_cat-makeup","9":"first","10":"instock","11":"shipping-taxable","12":"product-type-simple"},"_links":{"self":[{"href":"https:\/\/www.ouyabeauty.com\/es\/wp-json\/wp\/v2\/product\/2170","targetHints":{"allow":["GET"]}}],"collection":[{"href":"https:\/\/www.ouyabeauty.com\/es\/wp-json\/wp\/v2\/product"}],"about":[{"href":"https:\/\/www.ouyabeauty.com\/es\/wp-json\/wp\/v2\/types\/product"}],"replies":[{"embeddable":true,"href":"https:\/\/www.ouyabeauty.com\/es\/wp-json\/wp\/v2\/comments?post=2170"}],"wp:featuredmedia":[{"embeddable":true,"href":"https:\/\/www.ouyabeauty.com\/es\/wp-json\/wp\/v2\/media\/2173"}],"wp:attachment":[{"href":"https:\/\/www.ouyabeauty.com\/es\/wp-json\/wp\/v2\/media?parent=2170"}],"wp:term":[{"taxonomy":"product_brand","embeddable":true,"href":"https:\/\/www.ouyabeauty.com\/es\/wp-json\/wp\/v2\/product_brand?post=2170"},{"taxonomy":"product_cat","embeddable":true,"href":"https:\/\/www.ouyabeauty.com\/es\/wp-json\/wp\/v2\/product_cat?post=2170"},{"taxonomy":"product_tag","embeddable":true,"href":"https:\/\/www.ouyabeauty.com\/es\/wp-json\/wp\/v2\/product_tag?post=2170"}],"curies":[{"name":"WP","href":"https:\/\/api.w.org\/{rel}","templated":true}]}}