{"id":2171,"date":"2025-08-20T15:11:07","date_gmt":"2025-08-20T07:11:07","guid":{"rendered":"https:\/\/www.ouyabeauty.com\/?post_type=product&#038;p=2171"},"modified":"2026-01-30T15:40:27","modified_gmt":"2026-01-30T07:40:27","slug":"custom-velvet-focal-blurring-pressed-powder-manufacturer-private-label-available-fp02525201","status":"publish","type":"product","link":"https:\/\/www.ouyabeauty.com\/es\/product\/custom-velvet-focal-blurring-pressed-powder-manufacturer-private-label-available-fp02525201\/","title":{"rendered":"Velvet Focal Blurring Prensado en polvo fabricante etiqueta privada disponible FP02525201"},"content":{"rendered":"<p><span style=\"font-size: 18pt; color: #bb1e32;\"><strong><b>\u00bfC\u00f3mo aplicar?<\/b><\/strong><\/span><\/p>\n<p>Presione el polvo compacto suavemente, presione el polvo con el puff y gire ligeramente a la izquierda y a la derecha para recoger el polvo.<\/p>\n<p>Mezclarlo: presione los puffs en la parte posterior de su mano para mezclar el polvo uniformemente en los puffs.<\/p>\n<p>Presione suavemente por toda la cara para permitir que el polvo se adhiera a su piel.<\/p>","protected":false},"excerpt":{"rendered":"<p><span style=\"font-size: 18pt; color: #bb1e32;\"><strong><b>\u00bfQu\u00e9 es:<\/b><\/strong><\/span><\/p>\n<p>Este compacto cuenta con una textura azul claro de niebla suave para una sensaci\u00f3n fresca y relajada. El polvo cuenta con una textura ultrafina y ligera que resiste las precipitaciones durante la aplicaci\u00f3n. La cara superior tiene un efecto de maquillaje mate claro. Puede ablandar los poros y absorber aceite facial, pero no har\u00e1 que el maquillaje de base se vea pesado y como una m\u00e1scara, lo que es adecuado para las necesidades diarias de ajuste de maquillaje de la mayor\u00eda de los tonos de piel. Si es&#8217; Es un set r\u00e1pido por la ma\u00f1ana o un retoque por la tarde, se mantiene puesto \"limpia los m\u00fasculos mate\", lo que lo convierte en un gran producto de maquillaje para viajeros con aspecto y practicidad. El paquete es suave apertura y cierre y f\u00e1cil portabilidad. Para sus dise\u00f1os, puede grabar su logotipo en su prensado en polvo.<\/p>","protected":false},"featured_media":2174,"comment_status":"closed","ping_status":"closed","template":"","meta":[],"product_brand":[],"product_cat":[29,15],"product_tag":[],"class_list":{"0":"post-2171","1":"product","2":"type-product","3":"status-publish","4":"has-post-thumbnail","6":"product_cat-face-makeup","7":"product_cat-makeup","9":"first","10":"instock","11":"shipping-taxable","12":"product-type-simple"},"_links":{"self":[{"href":"https:\/\/www.ouyabeauty.com\/es\/wp-json\/wp\/v2\/product\/2171","targetHints":{"allow":["GET"]}}],"collection":[{"href":"https:\/\/www.ouyabeauty.com\/es\/wp-json\/wp\/v2\/product"}],"about":[{"href":"https:\/\/www.ouyabeauty.com\/es\/wp-json\/wp\/v2\/types\/product"}],"replies":[{"embeddable":true,"href":"https:\/\/www.ouyabeauty.com\/es\/wp-json\/wp\/v2\/comments?post=2171"}],"wp:featuredmedia":[{"embeddable":true,"href":"https:\/\/www.ouyabeauty.com\/es\/wp-json\/wp\/v2\/media\/2174"}],"wp:attachment":[{"href":"https:\/\/www.ouyabeauty.com\/es\/wp-json\/wp\/v2\/media?parent=2171"}],"wp:term":[{"taxonomy":"product_brand","embeddable":true,"href":"https:\/\/www.ouyabeauty.com\/es\/wp-json\/wp\/v2\/product_brand?post=2171"},{"taxonomy":"product_cat","embeddable":true,"href":"https:\/\/www.ouyabeauty.com\/es\/wp-json\/wp\/v2\/product_cat?post=2171"},{"taxonomy":"product_tag","embeddable":true,"href":"https:\/\/www.ouyabeauty.com\/es\/wp-json\/wp\/v2\/product_tag?post=2171"}],"curies":[{"name":"WP","href":"https:\/\/api.w.org\/{rel}","templated":true}]}}