{"id":2590,"date":"2025-09-22T14:56:29","date_gmt":"2025-09-22T06:56:29","guid":{"rendered":"https:\/\/www.ouyabeauty.com\/?post_type=product&#038;p=2590"},"modified":"2026-01-30T14:05:30","modified_gmt":"2026-01-30T06:05:30","slug":"glossy-setting-spray-manufactures-private-label-available-sss0001-a01","status":"publish","type":"product","link":"https:\/\/www.ouyabeauty.com\/es\/product\/glossy-setting-spray-manufactures-private-label-available-sss0001-a01\/","title":{"rendered":"Spray de ajuste Dewy fabrica etiqueta privada SSS001-A01"},"content":{"rendered":"<p><span style=\"font-size: 18pt; color: #bb1e32;\"><strong><b>\u00bfC\u00f3mo aplicar?<\/b><\/strong><\/span><\/p>\n<p>1. Agite bien antes de usar para activar los ingredientes.<\/p>\n<p>2. Para la hidrataci\u00f3n previa al maquillaje, mantenga el spray a 30 cm de distancia de su cara.<\/p>\n<p>3. Presione dos veces, luego mezcle uniformemente con la base para el maquillaje de base de larga duraci\u00f3n. Para el ajuste post-maquillaje pulverice de nuevo en toda la cara despu\u00e9s de terminar el maquillaje.<\/p>","protected":false},"excerpt":{"rendered":"<p><span style=\"font-size: 18pt; color: #bb1e32;\"><strong><b>\u00bfQu\u00e9 es:<\/b><\/strong><\/span><\/p>\n<p>LADYHOOD Dewy Setting Spray: para los tipos de piel seca y sensible, \u00a1hazlo! Bloquea tu maquillaje en su lugar durante 12 horas seguidas, dejando un acabado natural de enfoque suave una vez rociado. La niebla es ultrafina, sin gotas de agua grumosas. Se seca r\u00e1pidamente en una pel\u00edcula, sinti\u00e9ndose s\u00faper fresco, con una f\u00f3rmula hidratante que evita la congesti\u00f3n o la estanqueidad. Una fragancia ligera m\u00e1s una lista de ingredientes totalmente verdes: total tranquilidad para el maquillaje diario.<\/p>","protected":false},"featured_media":2591,"comment_status":"closed","ping_status":"closed","template":"","meta":[],"product_brand":[],"product_cat":[29,15],"product_tag":[],"class_list":{"0":"post-2590","1":"product","2":"type-product","3":"status-publish","4":"has-post-thumbnail","6":"product_cat-face-makeup","7":"product_cat-makeup","9":"first","10":"instock","11":"shipping-taxable","12":"product-type-simple"},"_links":{"self":[{"href":"https:\/\/www.ouyabeauty.com\/es\/wp-json\/wp\/v2\/product\/2590","targetHints":{"allow":["GET"]}}],"collection":[{"href":"https:\/\/www.ouyabeauty.com\/es\/wp-json\/wp\/v2\/product"}],"about":[{"href":"https:\/\/www.ouyabeauty.com\/es\/wp-json\/wp\/v2\/types\/product"}],"replies":[{"embeddable":true,"href":"https:\/\/www.ouyabeauty.com\/es\/wp-json\/wp\/v2\/comments?post=2590"}],"wp:featuredmedia":[{"embeddable":true,"href":"https:\/\/www.ouyabeauty.com\/es\/wp-json\/wp\/v2\/media\/2591"}],"wp:attachment":[{"href":"https:\/\/www.ouyabeauty.com\/es\/wp-json\/wp\/v2\/media?parent=2590"}],"wp:term":[{"taxonomy":"product_brand","embeddable":true,"href":"https:\/\/www.ouyabeauty.com\/es\/wp-json\/wp\/v2\/product_brand?post=2590"},{"taxonomy":"product_cat","embeddable":true,"href":"https:\/\/www.ouyabeauty.com\/es\/wp-json\/wp\/v2\/product_cat?post=2590"},{"taxonomy":"product_tag","embeddable":true,"href":"https:\/\/www.ouyabeauty.com\/es\/wp-json\/wp\/v2\/product_tag?post=2590"}],"curies":[{"name":"WP","href":"https:\/\/api.w.org\/{rel}","templated":true}]}}