{"id":2596,"date":"2025-09-22T15:00:59","date_gmt":"2025-09-22T07:00:59","guid":{"rendered":"https:\/\/www.ouyabeauty.com\/?post_type=product&#038;p=2596"},"modified":"2026-01-30T13:33:07","modified_gmt":"2026-01-30T05:33:07","slug":"hd-skin-contour-sculpting-compact-manufacturer-fb02474701","status":"publish","type":"product","link":"https:\/\/www.ouyabeauty.com\/es\/product\/hd-skin-contour-sculpting-compact-manufacturer-fb02474701\/","title":{"rendered":"HD contorno de la piel escultura fabricante compacto FB02474701"},"content":{"rendered":"<p><span style=\"font-size: 18pt; color: #bb1e32;\"><strong><b>C\u00f3mo utilizar:<\/b><\/strong><\/span><\/p>\n<p>1. Despu\u00e9s del maquillaje de base, sumerge un cepillo de contorno en \u00e1ngulo en el polvo de contorno y quite el exceso en un tejido.<\/p>\n<p>2. Barre los huecos de las mejillas, la mand\u00edbula y ambos lados del puente nasal.<\/p>\n<p>3. Mezclar los bordes con un cepillo limpio para un acabado sin costuras.<\/p>\n<p>4. Conjunto con polvo suelto para bloquear el aspecto en su lugar.<\/p>","protected":false},"excerpt":{"rendered":"<p><span style=\"font-size: 18pt; color: #bb1e32;\"><strong><b>\u00bfQu\u00e9 es:<\/b><\/strong><\/span><\/p>\n<p>LADYHOOD HD Skin Contour Sculpting Compact: polvo ultrafino y f\u00e1cil de mezclar para principiantes. El pigmento moderado y construible ofrece un acabado fresco y natural, sin aspecto lodoso, adem\u00e1s de resistencia al agua y durabilidad para todo el d\u00eda. Escultura contornos faciales naturales sin problemas: tama\u00f1o port\u00e1til de 8g, conforme a nivel mundial.<\/p>","protected":false},"featured_media":2603,"comment_status":"closed","ping_status":"closed","template":"","meta":[],"product_brand":[],"product_cat":[29,15],"product_tag":[],"class_list":{"0":"post-2596","1":"product","2":"type-product","3":"status-publish","4":"has-post-thumbnail","6":"product_cat-face-makeup","7":"product_cat-makeup","9":"first","10":"instock","11":"shipping-taxable","12":"product-type-simple"},"_links":{"self":[{"href":"https:\/\/www.ouyabeauty.com\/es\/wp-json\/wp\/v2\/product\/2596","targetHints":{"allow":["GET"]}}],"collection":[{"href":"https:\/\/www.ouyabeauty.com\/es\/wp-json\/wp\/v2\/product"}],"about":[{"href":"https:\/\/www.ouyabeauty.com\/es\/wp-json\/wp\/v2\/types\/product"}],"replies":[{"embeddable":true,"href":"https:\/\/www.ouyabeauty.com\/es\/wp-json\/wp\/v2\/comments?post=2596"}],"wp:featuredmedia":[{"embeddable":true,"href":"https:\/\/www.ouyabeauty.com\/es\/wp-json\/wp\/v2\/media\/2603"}],"wp:attachment":[{"href":"https:\/\/www.ouyabeauty.com\/es\/wp-json\/wp\/v2\/media?parent=2596"}],"wp:term":[{"taxonomy":"product_brand","embeddable":true,"href":"https:\/\/www.ouyabeauty.com\/es\/wp-json\/wp\/v2\/product_brand?post=2596"},{"taxonomy":"product_cat","embeddable":true,"href":"https:\/\/www.ouyabeauty.com\/es\/wp-json\/wp\/v2\/product_cat?post=2596"},{"taxonomy":"product_tag","embeddable":true,"href":"https:\/\/www.ouyabeauty.com\/es\/wp-json\/wp\/v2\/product_tag?post=2596"}],"curies":[{"name":"WP","href":"https:\/\/api.w.org\/{rel}","templated":true}]}}