{"id":2610,"date":"2025-09-22T15:06:20","date_gmt":"2025-09-22T07:06:20","guid":{"rendered":"https:\/\/www.ouyabeauty.com\/?post_type=product&#038;p=2610"},"modified":"2026-01-30T11:14:24","modified_gmt":"2026-01-30T03:14:24","slug":"wholesale-flawless-concealer-and-contour-stick-kit-manufacturer-ffs0001-a01","status":"publish","type":"product","link":"https:\/\/www.ouyabeauty.com\/es\/product\/wholesale-flawless-concealer-and-contour-stick-kit-manufacturer-ffs0001-a01\/","title":{"rendered":"Venta al por mayor Concealer econ\u00f3mico, Contorno y Fundaci\u00f3n Stick Kit fabricante FFS0001-A01"},"content":{"rendered":"<p><span style=\"font-size: 18pt; color: #bb1e32;\"><strong><b>C\u00f3mo utilizar:<\/b><\/strong><\/span><\/p>\n<p>1. Deslizar el bast\u00f3n de la fundaci\u00f3n recto: Torci\u00e9ndolo hacia arriba, puntear la frente, mejillas, ment\u00f3n, luego golpear con los dedos o una esponja hasta que se funde en la piel - boom, incluso base con cero torta.<\/p>\n<p>2. Pop la paleta del corrector. Elige la sombra que coincida con el crimen.<\/p>\n<p>3. Aplique el color con un pincel peque\u00f1o o la punta del dedo hasta que desaparezca en la base. El polvo un susurro de polvo en la parte superior y usted est\u00e1 borroso-filtro conjunto.<\/p>\n<p>&nbsp;<\/p>\n<p><span style=\"color: #bb1e32;\"><strong><b><span style=\"font-size: 18pt;\">Consejos de uso:<\/span><\/b><\/strong><\/span><\/p>\n<p>Holding de la piel pura:<\/p>\n<p>Corrector de color-Usted puede crear su propio corrector y paleta de contorno por su propia!<\/p>\n<p>Utiliza el color m\u00e1s claro para aclarar las lacrimas y los pliegues nasolabiales y mejorar el aburrimiento.<\/p>\n<p>Aplique el color m\u00e1s claro a la sombra nasal, el perfil lateral y otras \u00e1reas que necesitan ser contorneadas.<\/p>\n<p>Aplique el color oscuro para cubrir c\u00edrculos oscuros, manchas y marcas de acn\u00e9.<\/p>","protected":false},"excerpt":{"rendered":"<p><span style=\"font-size: 18pt; color: #bb1e32;\"><strong><b>\u00bfQu\u00e9 es:<\/b><\/strong><\/span><\/p>\n<p>Conoce LADYHOOD Flawless: Un corrector de 12g y un bast\u00f3n de base de 4g que se desliza en cualquier bolsa. Las f\u00f3rmulas est\u00e1n llenas de ingredientes hidratantes para mantener el maquillaje, por lo que su base se mantiene fresca durante 8 horas seguidas. El rico pigmento oculta manchas, sombras y enrojecimiento en una sola tapa. Lanza el d\u00fao en tu bolso para un retoque r\u00e1pido y econ\u00f3mico en cualquier momento y en cualquier lugar.<\/p>","protected":false},"featured_media":2611,"comment_status":"closed","ping_status":"closed","template":"","meta":[],"product_brand":[],"product_cat":[29,15],"product_tag":[],"class_list":{"0":"post-2610","1":"product","2":"type-product","3":"status-publish","4":"has-post-thumbnail","6":"product_cat-face-makeup","7":"product_cat-makeup","9":"first","10":"instock","11":"shipping-taxable","12":"product-type-simple"},"_links":{"self":[{"href":"https:\/\/www.ouyabeauty.com\/es\/wp-json\/wp\/v2\/product\/2610","targetHints":{"allow":["GET"]}}],"collection":[{"href":"https:\/\/www.ouyabeauty.com\/es\/wp-json\/wp\/v2\/product"}],"about":[{"href":"https:\/\/www.ouyabeauty.com\/es\/wp-json\/wp\/v2\/types\/product"}],"replies":[{"embeddable":true,"href":"https:\/\/www.ouyabeauty.com\/es\/wp-json\/wp\/v2\/comments?post=2610"}],"wp:featuredmedia":[{"embeddable":true,"href":"https:\/\/www.ouyabeauty.com\/es\/wp-json\/wp\/v2\/media\/2611"}],"wp:attachment":[{"href":"https:\/\/www.ouyabeauty.com\/es\/wp-json\/wp\/v2\/media?parent=2610"}],"wp:term":[{"taxonomy":"product_brand","embeddable":true,"href":"https:\/\/www.ouyabeauty.com\/es\/wp-json\/wp\/v2\/product_brand?post=2610"},{"taxonomy":"product_cat","embeddable":true,"href":"https:\/\/www.ouyabeauty.com\/es\/wp-json\/wp\/v2\/product_cat?post=2610"},{"taxonomy":"product_tag","embeddable":true,"href":"https:\/\/www.ouyabeauty.com\/es\/wp-json\/wp\/v2\/product_tag?post=2610"}],"curies":[{"name":"WP","href":"https:\/\/api.w.org\/{rel}","templated":true}]}}