{"id":2615,"date":"2025-09-22T15:09:50","date_gmt":"2025-09-22T07:09:50","guid":{"rendered":"https:\/\/www.ouyabeauty.com\/?post_type=product&#038;p=2615"},"modified":"2026-02-02T17:20:01","modified_gmt":"2026-02-02T09:20:01","slug":"private-label-available-radiant-contouring-palette-fb0001-a03","status":"publish","type":"product","link":"https:\/\/www.ouyabeauty.com\/es\/product\/private-label-available-radiant-contouring-palette-fb0001-a03\/","title":{"rendered":"Etiqueta privada disponible 3D tallado paleta de contorno radiante FB0001-A03"},"content":{"rendered":"<p><span style=\"font-size: 18pt; color: #bb1e32;\"><strong><b>C\u00f3mo utilizar<\/b><\/strong>:<\/span><\/p>\n<p>Puente de la nariz 1.3D: Sumergir un peque\u00f1o cepillo en la sombra de la nariz, golpear el extra, luego barrer desde la esquina interna del ojo directamente hacia abajo a la punta - boom, instant\u00e1neo rascacielos puente.<\/p>\n<p>2.Relleno hueco: presione el mismo cepillo en el brillante, tapa un peque\u00f1o punto debajo de los ojos, l\u00edneas de sonrisa, templos, puente de nariz y esquinas de boca. Un golpe suave borra las inmersiones y enga\u00f1a la luz.<\/p>\n<p>3.V-Shaped Face Shaping: Recoge el contorno con un cepillo angular esponjoso, el polvo a lo largo de las mejillas y la mand\u00edbula. Construye lentamente, mezcla como lo quieres decir, mira la cara contraerse a una V n\u00edtida sin un filtro.<\/p>","protected":false},"excerpt":{"rendered":"<p><span style=\"font-size: 18pt; color: #bb1e32;\"><strong><b>\u00bfQu\u00e9 es:<\/b><\/strong><\/span><\/p>\n<p>LADYHOOD 4 Color Powder Palette cuenta con tonos de gradiente perfectamente mezclados, eliminando la necesidad de mezclar. Es para contornear, resaltar, enrojecer e iluminar. Definici\u00f3n de escultura con tonos para acomodar una amplia gama de tonos de piel y uso m\u00faltiple. El polvo de seda no har\u00e1 torta. Incluso los novatos pueden esculpir f\u00e1cilmente una nariz afilada, llenar huecos y dar forma a una cara en V. De una marca de 20 a\u00f1os, conforme y segura, perfecta para los desplazamientos diarios.<\/p>","protected":false},"featured_media":2616,"comment_status":"closed","ping_status":"closed","template":"","meta":[],"product_brand":[],"product_cat":[29,15],"product_tag":[],"class_list":{"0":"post-2615","1":"product","2":"type-product","3":"status-publish","4":"has-post-thumbnail","6":"product_cat-face-makeup","7":"product_cat-makeup","9":"first","10":"instock","11":"shipping-taxable","12":"product-type-simple"},"_links":{"self":[{"href":"https:\/\/www.ouyabeauty.com\/es\/wp-json\/wp\/v2\/product\/2615","targetHints":{"allow":["GET"]}}],"collection":[{"href":"https:\/\/www.ouyabeauty.com\/es\/wp-json\/wp\/v2\/product"}],"about":[{"href":"https:\/\/www.ouyabeauty.com\/es\/wp-json\/wp\/v2\/types\/product"}],"replies":[{"embeddable":true,"href":"https:\/\/www.ouyabeauty.com\/es\/wp-json\/wp\/v2\/comments?post=2615"}],"wp:featuredmedia":[{"embeddable":true,"href":"https:\/\/www.ouyabeauty.com\/es\/wp-json\/wp\/v2\/media\/2616"}],"wp:attachment":[{"href":"https:\/\/www.ouyabeauty.com\/es\/wp-json\/wp\/v2\/media?parent=2615"}],"wp:term":[{"taxonomy":"product_brand","embeddable":true,"href":"https:\/\/www.ouyabeauty.com\/es\/wp-json\/wp\/v2\/product_brand?post=2615"},{"taxonomy":"product_cat","embeddable":true,"href":"https:\/\/www.ouyabeauty.com\/es\/wp-json\/wp\/v2\/product_cat?post=2615"},{"taxonomy":"product_tag","embeddable":true,"href":"https:\/\/www.ouyabeauty.com\/es\/wp-json\/wp\/v2\/product_tag?post=2615"}],"curies":[{"name":"WP","href":"https:\/\/api.w.org\/{rel}","templated":true}]}}