{"id":2620,"date":"2025-09-22T15:12:06","date_gmt":"2025-09-22T07:12:06","guid":{"rendered":"https:\/\/www.ouyabeauty.com\/?post_type=product&#038;p=2620"},"modified":"2026-01-30T09:21:34","modified_gmt":"2026-01-30T01:21:34","slug":"wholesale-8-color-concealer-contour-highlighter-palette-hot-selling-manufactures-fb0001-a05","status":"publish","type":"product","link":"https:\/\/www.ouyabeauty.com\/es\/product\/wholesale-8-color-concealer-contour-highlighter-palette-hot-selling-manufactures-fb0001-a05\/","title":{"rendered":"Concealer al por mayor de 8 colores, contorno &#038; Destacador de la paleta de venta caliente fabrica FB0001-A05"},"content":{"rendered":"<p><span style=\"font-size: 18pt; color: #bb1e32;\"><strong><b>C\u00f3mo utilizar:<\/b><\/strong><\/span><\/p>\n<p>Paso 1: Por primera vez, derrite el corrector en un c\u00edrculo alrededor de las puntas de los dedos y use un solo color o una combinaci\u00f3n de tonos dependiendo del tono de la piel.<\/p>\n<p>Paso 2: Aplique una cantidad apropiada de corrector con las puntas de los dedos o un cepillo corrector, aplicando una peque\u00f1a cantidad en el \u00e1rea de mancha varias veces.<\/p>\n<p>Paso 3: Toque uniformemente y mejore hasta que las manchas est\u00e9n cubiertas uniformemente. Traducido al ingl\u00e9s, la traducci\u00f3n requiere el uso de lenguaje coloquial. La traducci\u00f3n se coloca en el producto&#8217; Sitio web internacional.<\/p>","protected":false},"excerpt":{"rendered":"<p><span style=\"font-size: 18pt; color: #bb1e32;\"><strong><b>\u00bfQu\u00e9 es:<\/b><\/strong><\/span><\/p>\n<p>LADYHOOD 8 sombras Do-It -All Concealer &amp; Contouring Palette, 8 tonos pr\u00e1cticos, con una textura hidratada y sedosa, un top liso y sin polvo, y un efecto de maquillaje delicado y natural. Esta bandeja multiacci\u00f3n combina funciones de ocultaci\u00f3n, aclaramiento y contorno en una sola, adecuada para una variedad de tonos de piel, y la f\u00f3rmula hidratante tambi\u00e9n es adecuada para la mayor\u00eda de los tipos de piel.<\/p>","protected":false},"featured_media":2621,"comment_status":"closed","ping_status":"closed","template":"","meta":[],"product_brand":[],"product_cat":[29,15],"product_tag":[],"class_list":{"0":"post-2620","1":"product","2":"type-product","3":"status-publish","4":"has-post-thumbnail","6":"product_cat-face-makeup","7":"product_cat-makeup","9":"first","10":"instock","11":"shipping-taxable","12":"product-type-simple"},"_links":{"self":[{"href":"https:\/\/www.ouyabeauty.com\/es\/wp-json\/wp\/v2\/product\/2620","targetHints":{"allow":["GET"]}}],"collection":[{"href":"https:\/\/www.ouyabeauty.com\/es\/wp-json\/wp\/v2\/product"}],"about":[{"href":"https:\/\/www.ouyabeauty.com\/es\/wp-json\/wp\/v2\/types\/product"}],"replies":[{"embeddable":true,"href":"https:\/\/www.ouyabeauty.com\/es\/wp-json\/wp\/v2\/comments?post=2620"}],"wp:featuredmedia":[{"embeddable":true,"href":"https:\/\/www.ouyabeauty.com\/es\/wp-json\/wp\/v2\/media\/2621"}],"wp:attachment":[{"href":"https:\/\/www.ouyabeauty.com\/es\/wp-json\/wp\/v2\/media?parent=2620"}],"wp:term":[{"taxonomy":"product_brand","embeddable":true,"href":"https:\/\/www.ouyabeauty.com\/es\/wp-json\/wp\/v2\/product_brand?post=2620"},{"taxonomy":"product_cat","embeddable":true,"href":"https:\/\/www.ouyabeauty.com\/es\/wp-json\/wp\/v2\/product_cat?post=2620"},{"taxonomy":"product_tag","embeddable":true,"href":"https:\/\/www.ouyabeauty.com\/es\/wp-json\/wp\/v2\/product_tag?post=2620"}],"curies":[{"name":"WP","href":"https:\/\/api.w.org\/{rel}","templated":true}]}}