{"id":2625,"date":"2025-09-22T15:14:16","date_gmt":"2025-09-22T07:14:16","guid":{"rendered":"https:\/\/www.ouyabeauty.com\/?post_type=product&#038;p=2625"},"modified":"2026-01-30T09:03:33","modified_gmt":"2026-01-30T01:03:33","slug":"custom-jelly-blush-stick-lip-cheek-stain-manufactures-fbs001-a04","status":"publish","type":"product","link":"https:\/\/www.ouyabeauty.com\/es\/product\/custom-jelly-blush-stick-lip-cheek-stain-manufactures-fbs001-a04\/","title":{"rendered":"Agua de enfriamiento de larga duraci\u00f3n puro Jelly Blush Stick FBS001-A04"},"content":{"rendered":"<p><span style=\"font-size: 18pt; color: #bb1e32;\"><strong><b>\u00bfC\u00f3mo aplicar?<\/b><\/strong><\/span><\/p>\n<p>Maquillaje de 3 pasos, m\u00faltiples usos.<\/p>\n<p>PASO 1: Aplicar-Torcer alrededor de 3 mm, luego remolino para calentar el producto.<\/p>\n<p>PASO 2: Face-Dab un poco con el dedo, y luego golpear las mejillas. Mezclar ligeramente en la punta de su nariz y ment\u00f3n tambi\u00e9n.<\/p>\n<p>PASO 3: Labios-Aplicar uniformemente en todos los labios seg\u00fan sea necesario.<\/p>","protected":false},"excerpt":{"rendered":"<p><span style=\"font-size: 18pt; color: #bb1e32;\"><strong><b>\u00bfQu\u00e9 es:<\/b><\/strong><\/span><\/p>\n<p>LADYHOOD Jelly Blush Stick es una opci\u00f3n vers\u00e1til y amigable para principiantes para todos los tipos de piel con tonos personalizados: su f\u00f3rmula sedosa y mezclable proporciona un acabado radiante natural mientras mantiene la piel hidratada, puede funcionar como l\u00e1piz labial, enrojecedor y resaltador, se aplica f\u00e1cilmente torciendo 3 mm, calent\u00e1ndola y dando palmaditas con los dedos o un puff.<\/p>","protected":false},"featured_media":2626,"comment_status":"closed","ping_status":"closed","template":"","meta":[],"product_brand":[],"product_cat":[29,15],"product_tag":[],"class_list":{"0":"post-2625","1":"product","2":"type-product","3":"status-publish","4":"has-post-thumbnail","6":"product_cat-face-makeup","7":"product_cat-makeup","9":"first","10":"instock","11":"shipping-taxable","12":"product-type-simple"},"_links":{"self":[{"href":"https:\/\/www.ouyabeauty.com\/es\/wp-json\/wp\/v2\/product\/2625","targetHints":{"allow":["GET"]}}],"collection":[{"href":"https:\/\/www.ouyabeauty.com\/es\/wp-json\/wp\/v2\/product"}],"about":[{"href":"https:\/\/www.ouyabeauty.com\/es\/wp-json\/wp\/v2\/types\/product"}],"replies":[{"embeddable":true,"href":"https:\/\/www.ouyabeauty.com\/es\/wp-json\/wp\/v2\/comments?post=2625"}],"wp:featuredmedia":[{"embeddable":true,"href":"https:\/\/www.ouyabeauty.com\/es\/wp-json\/wp\/v2\/media\/2626"}],"wp:attachment":[{"href":"https:\/\/www.ouyabeauty.com\/es\/wp-json\/wp\/v2\/media?parent=2625"}],"wp:term":[{"taxonomy":"product_brand","embeddable":true,"href":"https:\/\/www.ouyabeauty.com\/es\/wp-json\/wp\/v2\/product_brand?post=2625"},{"taxonomy":"product_cat","embeddable":true,"href":"https:\/\/www.ouyabeauty.com\/es\/wp-json\/wp\/v2\/product_cat?post=2625"},{"taxonomy":"product_tag","embeddable":true,"href":"https:\/\/www.ouyabeauty.com\/es\/wp-json\/wp\/v2\/product_tag?post=2625"}],"curies":[{"name":"WP","href":"https:\/\/api.w.org\/{rel}","templated":true}]}}