{"id":2641,"date":"2025-09-22T15:27:40","date_gmt":"2025-09-22T07:27:40","guid":{"rendered":"https:\/\/www.ouyabeauty.com\/?post_type=product&#038;p=2641"},"modified":"2026-01-30T08:54:28","modified_gmt":"2026-01-30T00:54:28","slug":"liquid-blush-oem-fbl0001-a01","status":"publish","type":"product","link":"https:\/\/www.ouyabeauty.com\/es\/product\/liquid-blush-oem-fbl0001-a01\/","title":{"rendered":"Bomba de color flor l\u00edquido rojez OEM FBL0001-A01"},"content":{"rendered":"<p><span style=\"font-size: 18pt; color: #bb1e32;\"><strong><b>C\u00f3mo utilizar:<\/b><\/strong><\/span><\/p>\n<p>Paso 1: Despu\u00e9s de completar su maquillaje base, puede tomar una cantidad adecuada de crema roja.<\/p>\n<p>Paso 2: Aplique ligeramente las manzanas de las mejillas o justo por encima de las mejillas.<\/p>\n<p>Paso 3: Usando las puntas de los dedos, esponja o cepillo de maquillaje, aplastar suavemente y mezclar para lograr un acabado natural, no frotar de un lado a otro.<\/p>","protected":false},"excerpt":{"rendered":"<p><span style=\"font-size: 18pt; color: #bb1e32;\"><strong><b>\u00bfQu\u00e9 es:<\/b><\/strong><\/span><\/p>\n<p>Si quieres mantener el maquillaje atmosf\u00e9rico con un solo clic? Este rubor l\u00edquido es un elemento b\u00e1sico de belleza imprescindible de una chica perezosa! Ricamente pigmentado con desgaste de larga duraci\u00f3n que permanece puesto todo el d\u00eda. La base de glicerina de agua hace que la cara se hidrate sin agruparse. Tambi\u00e9n se puede usar como sombra de ojos y l\u00e1piz labial - un bast\u00f3n se puede usar para completar todo el maquillaje facial, desde sutiles looks sin maquillaje hasta acabados audaces y atmosf\u00e9ricos, lo que lo hace f\u00e1cil y hermoso todo el d\u00eda.<\/p>","protected":false},"featured_media":2644,"comment_status":"closed","ping_status":"closed","template":"","meta":[],"product_brand":[],"product_cat":[29,15],"product_tag":[],"class_list":{"0":"post-2641","1":"product","2":"type-product","3":"status-publish","4":"has-post-thumbnail","6":"product_cat-face-makeup","7":"product_cat-makeup","9":"first","10":"instock","11":"shipping-taxable","12":"product-type-simple"},"_links":{"self":[{"href":"https:\/\/www.ouyabeauty.com\/es\/wp-json\/wp\/v2\/product\/2641","targetHints":{"allow":["GET"]}}],"collection":[{"href":"https:\/\/www.ouyabeauty.com\/es\/wp-json\/wp\/v2\/product"}],"about":[{"href":"https:\/\/www.ouyabeauty.com\/es\/wp-json\/wp\/v2\/types\/product"}],"replies":[{"embeddable":true,"href":"https:\/\/www.ouyabeauty.com\/es\/wp-json\/wp\/v2\/comments?post=2641"}],"wp:featuredmedia":[{"embeddable":true,"href":"https:\/\/www.ouyabeauty.com\/es\/wp-json\/wp\/v2\/media\/2644"}],"wp:attachment":[{"href":"https:\/\/www.ouyabeauty.com\/es\/wp-json\/wp\/v2\/media?parent=2641"}],"wp:term":[{"taxonomy":"product_brand","embeddable":true,"href":"https:\/\/www.ouyabeauty.com\/es\/wp-json\/wp\/v2\/product_brand?post=2641"},{"taxonomy":"product_cat","embeddable":true,"href":"https:\/\/www.ouyabeauty.com\/es\/wp-json\/wp\/v2\/product_cat?post=2641"},{"taxonomy":"product_tag","embeddable":true,"href":"https:\/\/www.ouyabeauty.com\/es\/wp-json\/wp\/v2\/product_tag?post=2641"}],"curies":[{"name":"WP","href":"https:\/\/api.w.org\/{rel}","templated":true}]}}