{"id":2642,"date":"2025-09-22T15:29:48","date_gmt":"2025-09-22T07:29:48","guid":{"rendered":"https:\/\/www.ouyabeauty.com\/?post_type=product&#038;p=2642"},"modified":"2026-01-29T19:59:00","modified_gmt":"2026-01-29T11:59:00","slug":"must-have-blush-powder-manufactures-fp0001-a04","status":"publish","type":"product","link":"https:\/\/www.ouyabeauty.com\/es\/product\/must-have-blush-powder-manufactures-fp0001-a04\/","title":{"rendered":"Debe tener polvo rojo fabrica FP0001-A04"},"content":{"rendered":"<p><span style=\"font-size: 18pt; color: #bb1e32;\"><strong><b>Maneras de vestirse<\/b><\/strong><strong><b>:<\/b><\/strong><\/span><\/p>\n<p>Chisel The Cheekbone: Aplicar en los huesos de mejilla &amp; templos para una mirada elevada.<\/p>\n<p>Frente &amp; Centro: Aplicar en los huesos de mejilla y nariz para una mirada sunkissed.<\/p>\n<p>Dimensi\u00f3n Natural: Aplicar sobre las mejillas para obtener una plenitud rosada.<\/p>\n<p>Aumento del contorno: Gira un puff esponjoso en el polvo, presiona y roda a trav\u00e9s del centro de tu cara: boom, estructura en segundos.<\/p>\n<p>Principal pop: Puedes usar el cepillo para sumergir el rubor, y golpear las manzanas de tus mejillas, luego tirar hacia afuera - f\u00e1cil, sin costuras.<\/p>","protected":false},"excerpt":{"rendered":"<p><span style=\"font-size: 18pt; color: #bb1e32;\"><strong><b>\u00bfQu\u00e9 es:<\/b><\/strong><\/span><\/p>\n<p>Un rojo en polvo ultra sedoso y sin talco proporciona un pigmento v\u00edvido en un solo deslizamiento y se funde sin problemas en la piel para borrar las l\u00edneas finas. Es infalible para uso diario. Es duradero y impermeable cl\u00e1sico rosa de color para un aspecto rosado cotidiano!<\/p>","protected":false},"featured_media":2648,"comment_status":"closed","ping_status":"closed","template":"","meta":[],"product_brand":[],"product_cat":[29,15],"product_tag":[],"class_list":{"0":"post-2642","1":"product","2":"type-product","3":"status-publish","4":"has-post-thumbnail","6":"product_cat-face-makeup","7":"product_cat-makeup","9":"first","10":"instock","11":"shipping-taxable","12":"product-type-simple"},"_links":{"self":[{"href":"https:\/\/www.ouyabeauty.com\/es\/wp-json\/wp\/v2\/product\/2642","targetHints":{"allow":["GET"]}}],"collection":[{"href":"https:\/\/www.ouyabeauty.com\/es\/wp-json\/wp\/v2\/product"}],"about":[{"href":"https:\/\/www.ouyabeauty.com\/es\/wp-json\/wp\/v2\/types\/product"}],"replies":[{"embeddable":true,"href":"https:\/\/www.ouyabeauty.com\/es\/wp-json\/wp\/v2\/comments?post=2642"}],"wp:featuredmedia":[{"embeddable":true,"href":"https:\/\/www.ouyabeauty.com\/es\/wp-json\/wp\/v2\/media\/2648"}],"wp:attachment":[{"href":"https:\/\/www.ouyabeauty.com\/es\/wp-json\/wp\/v2\/media?parent=2642"}],"wp:term":[{"taxonomy":"product_brand","embeddable":true,"href":"https:\/\/www.ouyabeauty.com\/es\/wp-json\/wp\/v2\/product_brand?post=2642"},{"taxonomy":"product_cat","embeddable":true,"href":"https:\/\/www.ouyabeauty.com\/es\/wp-json\/wp\/v2\/product_cat?post=2642"},{"taxonomy":"product_tag","embeddable":true,"href":"https:\/\/www.ouyabeauty.com\/es\/wp-json\/wp\/v2\/product_tag?post=2642"}],"curies":[{"name":"WP","href":"https:\/\/api.w.org\/{rel}","templated":true}]}}