{"id":2643,"date":"2025-09-22T15:32:33","date_gmt":"2025-09-22T07:32:33","guid":{"rendered":"https:\/\/www.ouyabeauty.com\/?post_type=product&#038;p=2643"},"modified":"2026-01-29T14:11:17","modified_gmt":"2026-01-29T06:11:17","slug":"velvety-blush-with-a-silky-potato-pudding-texture-manufacturer-fbs0001-a08","status":"publish","type":"product","link":"https:\/\/www.ouyabeauty.com\/es\/product\/velvety-blush-with-a-silky-potato-pudding-texture-manufacturer-fbs0001-a08\/","title":{"rendered":"Natural suave borroso terciopelo textura alto pigmento rojez y labio fabricante FBS0001-A08"},"content":{"rendered":"<p><span style=\"color: #bb1e32; font-size: 18pt;\"><strong><b>\u00bfC\u00f3mo aplicar?<\/b><\/strong><\/span><\/p>\n<p>Gire el dedo o el cepillo en la crema y polvo sobre las \u00e1reas grandes.<\/p>\n<p>Toque la crema en los puntos altos con el dedo o el mini puff, hecho en dos segundos.<\/p>\n<p>Capa repetidamente para obtener un brillo m\u00e1s suave y radiante y profundidad de color dimensional.<\/p>","protected":false},"excerpt":{"rendered":"<p><span style=\"font-size: 18pt; color: #bb1e32;\"><strong><b>\u00bfQu\u00e9 es:<\/b><\/strong><\/span><\/p>\n<p>Este terciopelo pud\u00edn-como la f\u00f3rmula rojez, suave borrosidad &amp; Filtro-tipo, pigmentado &amp; F\u00e1cil de mezclar y labio perfectamente complementa su look de maquillaje con su deliciosa textura! Su textura ligera se funde sin problemas en la piel al contacto, infundida con un aceite esencial &#8211; brillo derivado para un acabado hermosamente transl\u00facido. Viene con un cepillo incorporado para retoques sin problemas siempre que los necesites. Incluso los principiantes en el maquillaje pueden construir capas sin esfuerzo para un lavado natural y dimensional, sin manchar su maquillaje base, garantizado. Haz que tus momentos ordinarios sean extraordinarios.<\/p>","protected":false},"featured_media":2652,"comment_status":"closed","ping_status":"closed","template":"","meta":[],"product_brand":[],"product_cat":[29,15],"product_tag":[],"class_list":{"0":"post-2643","1":"product","2":"type-product","3":"status-publish","4":"has-post-thumbnail","6":"product_cat-face-makeup","7":"product_cat-makeup","9":"first","10":"instock","11":"shipping-taxable","12":"product-type-simple"},"_links":{"self":[{"href":"https:\/\/www.ouyabeauty.com\/es\/wp-json\/wp\/v2\/product\/2643","targetHints":{"allow":["GET"]}}],"collection":[{"href":"https:\/\/www.ouyabeauty.com\/es\/wp-json\/wp\/v2\/product"}],"about":[{"href":"https:\/\/www.ouyabeauty.com\/es\/wp-json\/wp\/v2\/types\/product"}],"replies":[{"embeddable":true,"href":"https:\/\/www.ouyabeauty.com\/es\/wp-json\/wp\/v2\/comments?post=2643"}],"wp:featuredmedia":[{"embeddable":true,"href":"https:\/\/www.ouyabeauty.com\/es\/wp-json\/wp\/v2\/media\/2652"}],"wp:attachment":[{"href":"https:\/\/www.ouyabeauty.com\/es\/wp-json\/wp\/v2\/media?parent=2643"}],"wp:term":[{"taxonomy":"product_brand","embeddable":true,"href":"https:\/\/www.ouyabeauty.com\/es\/wp-json\/wp\/v2\/product_brand?post=2643"},{"taxonomy":"product_cat","embeddable":true,"href":"https:\/\/www.ouyabeauty.com\/es\/wp-json\/wp\/v2\/product_cat?post=2643"},{"taxonomy":"product_tag","embeddable":true,"href":"https:\/\/www.ouyabeauty.com\/es\/wp-json\/wp\/v2\/product_tag?post=2643"}],"curies":[{"name":"WP","href":"https:\/\/api.w.org\/{rel}","templated":true}]}}