{"id":2656,"date":"2025-09-22T15:38:55","date_gmt":"2025-09-22T07:38:55","guid":{"rendered":"https:\/\/www.ouyabeauty.com\/?post_type=product&#038;p=2656"},"modified":"2026-01-29T13:22:07","modified_gmt":"2026-01-29T05:22:07","slug":"wholesale-portable-lovely-eyeshadow-pallete-manufacturers-ep02494901","status":"publish","type":"product","link":"https:\/\/www.ouyabeauty.com\/es\/product\/wholesale-portable-lovely-eyeshadow-pallete-manufacturers-ep02494901\/","title":{"rendered":"Venta al por mayor port\u00e1til encantador sombra de ojos paleta fabricantes EP02494901"},"content":{"rendered":"<p><span style=\"font-size: 18pt; color: #bb1e32;\"><strong><b>\u00bfC\u00f3mo aplicar?<\/b><\/strong><\/span><\/p>\n<p>Elige el tono claro que vayas a aplicar en tu p\u00e1rpado superior e inferior. Puede usar un cepillo plano o empaquetar sombra de ojos en la tapa.<\/p>\n<p>Usa un pincel de extremos esponjosos para difundir y mezclar la sombra seg\u00fan sea necesario. Para obtener un color m\u00e1s intenso, empareje el color que necesita con un spray de ajuste. Usa la sombra mate y met\u00e1lica como matices destacados.<\/p>\n<p>Utilice las sombras de ojos mate-neutrales c\u00e1lidas para contornear y definir.<\/p>\n<p>Crea cualquier look que desees.<\/p>\n<p>&nbsp;<\/p>","protected":false},"excerpt":{"rendered":"<p><span style=\"font-size: 18pt; color: #bb1e32;\"><strong><b>\u00bfQu\u00e9 es:<\/b><\/strong><\/span><\/p>\n<p>Nuestra adorable paleta de sombras de ojos con tema de fresa es compacta y elegante, f\u00e1cil de llevar y f\u00e1cil de usar en cualquier momento y en cualquier lugar. Esta paleta compacta de sombras de ojos de 4 colores funciona hermosamente, ya sea en solitario o mixto, y se combina para looks interminables. Esta encantadora paleta de sombras de ojos ofrece una personalizaci\u00f3n completa, desde el dise\u00f1o del envase exterior hasta la f\u00f3rmula misma, adaptada a sus requisitos exactos.  \u00a1Crea tu propia paleta exclusiva con logotipo impreso con nosotros!<\/p>","protected":false},"featured_media":2659,"comment_status":"closed","ping_status":"closed","template":"","meta":[],"product_brand":[],"product_cat":[31,15],"product_tag":[],"class_list":{"0":"post-2656","1":"product","2":"type-product","3":"status-publish","4":"has-post-thumbnail","6":"product_cat-eye-makeup","7":"product_cat-makeup","9":"first","10":"instock","11":"shipping-taxable","12":"product-type-simple"},"_links":{"self":[{"href":"https:\/\/www.ouyabeauty.com\/es\/wp-json\/wp\/v2\/product\/2656","targetHints":{"allow":["GET"]}}],"collection":[{"href":"https:\/\/www.ouyabeauty.com\/es\/wp-json\/wp\/v2\/product"}],"about":[{"href":"https:\/\/www.ouyabeauty.com\/es\/wp-json\/wp\/v2\/types\/product"}],"replies":[{"embeddable":true,"href":"https:\/\/www.ouyabeauty.com\/es\/wp-json\/wp\/v2\/comments?post=2656"}],"wp:featuredmedia":[{"embeddable":true,"href":"https:\/\/www.ouyabeauty.com\/es\/wp-json\/wp\/v2\/media\/2659"}],"wp:attachment":[{"href":"https:\/\/www.ouyabeauty.com\/es\/wp-json\/wp\/v2\/media?parent=2656"}],"wp:term":[{"taxonomy":"product_brand","embeddable":true,"href":"https:\/\/www.ouyabeauty.com\/es\/wp-json\/wp\/v2\/product_brand?post=2656"},{"taxonomy":"product_cat","embeddable":true,"href":"https:\/\/www.ouyabeauty.com\/es\/wp-json\/wp\/v2\/product_cat?post=2656"},{"taxonomy":"product_tag","embeddable":true,"href":"https:\/\/www.ouyabeauty.com\/es\/wp-json\/wp\/v2\/product_tag?post=2656"}],"curies":[{"name":"WP","href":"https:\/\/api.w.org\/{rel}","templated":true}]}}