{"id":2658,"date":"2025-09-22T15:41:55","date_gmt":"2025-09-22T07:41:55","guid":{"rendered":"https:\/\/www.ouyabeauty.com\/?post_type=product&#038;p=2658"},"modified":"2026-01-29T13:12:14","modified_gmt":"2026-01-29T05:12:14","slug":"wholesale-customizable-9-color-eyeshadow-palette-manufacturers-es0001-a06","status":"publish","type":"product","link":"https:\/\/www.ouyabeauty.com\/es\/product\/wholesale-customizable-9-color-eyeshadow-palette-manufacturers-es0001-a06\/","title":{"rendered":"Venta al por mayor personalizable 9-color sombra de ojos paleta fabricantes ES0001-A06"},"content":{"rendered":"<p><span style=\"font-size: 18pt; color: #bb1e32;\"><strong><b>\u00bfC\u00f3mo aplicar?<\/b><\/strong><\/span><\/p>\n<p>Limpia el \u00e1rea de los ojos y aplica la imprimaci\u00f3n.<\/p>\n<p>Aplique el color base ampliamente en los p\u00e1rpados y debajo de la zona del tri\u00e1ngulo.<\/p>\n<p>Sombra desde la l\u00ednea del p\u00e1rpado doble hasta la zona del tri\u00e1ngulo inferior seg\u00fan sea necesario.<\/p>\n<p>Despu\u00e9s de definir el eyeliner con un pincel delgado utilizando los tonos oscuros.<\/p>\n<p>Aplique el color brillante al centro del p\u00e1rpado para obtener un resplandor adicional y un aspecto voluminoso.<\/p>\n<p>&nbsp;<\/p>\n<p><span style=\"color: #bb1e32;\"><strong><span style=\"font-size: 18pt;\">Consejos:<\/span><\/strong><\/span><\/p>\n<p>1. \u00bfQuieres que tu maquillaje de ojos se vea genial sin estar por encima?<\/p>\n<p>Podr\u00edas intentar emparejar tonos frescos con colores c\u00e1lidos. De esta manera, el fr\u00edo y el calor se equilibran. Tu maquillaje gan\u00f3&#8217; t mirar demasiado sobre la cima entonces.<\/p>\n<p>2. \u00bfPreocupado por la ca\u00edda de sombra ocular que se asenta debajo de sus ojos y le da ojos de panda?<\/p>\n<p>Simplemente coloque un tejido debajo de los ojos antes de aplicar maquillaje. Antes de aplicar sombra de ojos, recuerde quitar cualquier exceso de polvo del cepillo, esto reduce significativamente los residuos de pigmento.<\/p>","protected":false},"excerpt":{"rendered":"<p><span style=\"font-size: 18pt; color: #bb1e32;\"><strong><b>\u00bfQu\u00e9 es:<\/b><\/strong><\/span><\/p>\n<p>Esta sombra de ojos ofrece un aspecto de maquillaje lindo y juguet\u00f3n: es adecuada para todos los tipos de piel, hecha con ingredientes de alta calidad y segura para el uso diario. Es vers\u00e1til para m\u00faltiples usos de maquillaje, perfecto para sombrear los ojos, definir los contornos de los ojos o llenar las cejas. Mezcla f\u00e1cilmente con otros tonos para crear tu look de maquillaje ideal. Se desliza suavemente y es f\u00e1cil de aplicar para el maquillaje de los ojos. Tambi\u00e9n se puede quitar f\u00e1cilmente con una toallita de eliminador de maquillaje, nunca tienes que preocuparte por la pigmentaci\u00f3n.<\/p>","protected":false},"featured_media":2669,"comment_status":"closed","ping_status":"closed","template":"","meta":[],"product_brand":[],"product_cat":[31,15],"product_tag":[],"class_list":{"0":"post-2658","1":"product","2":"type-product","3":"status-publish","4":"has-post-thumbnail","6":"product_cat-eye-makeup","7":"product_cat-makeup","9":"first","10":"instock","11":"shipping-taxable","12":"product-type-simple"},"_links":{"self":[{"href":"https:\/\/www.ouyabeauty.com\/es\/wp-json\/wp\/v2\/product\/2658","targetHints":{"allow":["GET"]}}],"collection":[{"href":"https:\/\/www.ouyabeauty.com\/es\/wp-json\/wp\/v2\/product"}],"about":[{"href":"https:\/\/www.ouyabeauty.com\/es\/wp-json\/wp\/v2\/types\/product"}],"replies":[{"embeddable":true,"href":"https:\/\/www.ouyabeauty.com\/es\/wp-json\/wp\/v2\/comments?post=2658"}],"wp:featuredmedia":[{"embeddable":true,"href":"https:\/\/www.ouyabeauty.com\/es\/wp-json\/wp\/v2\/media\/2669"}],"wp:attachment":[{"href":"https:\/\/www.ouyabeauty.com\/es\/wp-json\/wp\/v2\/media?parent=2658"}],"wp:term":[{"taxonomy":"product_brand","embeddable":true,"href":"https:\/\/www.ouyabeauty.com\/es\/wp-json\/wp\/v2\/product_brand?post=2658"},{"taxonomy":"product_cat","embeddable":true,"href":"https:\/\/www.ouyabeauty.com\/es\/wp-json\/wp\/v2\/product_cat?post=2658"},{"taxonomy":"product_tag","embeddable":true,"href":"https:\/\/www.ouyabeauty.com\/es\/wp-json\/wp\/v2\/product_tag?post=2658"}],"curies":[{"name":"WP","href":"https:\/\/api.w.org\/{rel}","templated":true}]}}