{"id":2668,"date":"2025-09-22T15:47:23","date_gmt":"2025-09-22T07:47:23","guid":{"rendered":"https:\/\/www.ouyabeauty.com\/?post_type=product&#038;p=2668"},"modified":"2026-01-29T13:06:23","modified_gmt":"2026-01-29T05:06:23","slug":"wholesale-24-color-eyeshadow-palette-manufacturer-ep001-a16","status":"publish","type":"product","link":"https:\/\/www.ouyabeauty.com\/es\/product\/wholesale-24-color-eyeshadow-palette-manufacturer-ep001-a16\/","title":{"rendered":"Venta al por mayor 24 color sombra de ojos paleta fabricante EP001-A16"},"content":{"rendered":"<p><span style=\"font-size: 18pt; color: #bb1e32;\"><strong><b>\u00bfC\u00f3mo aplicar?<\/b><\/strong><\/span><\/p>\n<p>Aplique un polvo blanco sobre todos los p\u00e1rpados;<\/p>\n<p>Coloque el brillo de plata alrededor de las tapas;<\/p>\n<p>Mezclar el brillo azul verdoso en las tapas medias y el borde exterior del pliegue;<\/p>\n<p>Aplique un tono m\u00ednimo de azul verdoso a lo largo de la pesta\u00f1a inferior.<\/p>","protected":false},"excerpt":{"rendered":"<p><span style=\"font-size: 18pt; color: #bb1e32;\"><strong><b>\u00bfQu\u00e9 es:<\/b><\/strong><\/span><\/p>\n<p>Nuestra paleta de sombras de ojos de 24 colores est\u00e1 dise\u00f1ada hasta 24 colores, que con polvo de acabado de mate a brillante, alta saturaci\u00f3n a baja saturaci\u00f3n. Debido a la variedad de colores, ya sea que prefieras un look natural o una declaraci\u00f3n audaz, esta paleta puede satisfacer tus requisitos, e incluso puede personalizar tonos para satisfacer todas tus necesidades de maquillaje. Es realmente pr\u00e1ctica y conveniente tener esta paleta de maquillaje de ojos.<\/p>","protected":false},"featured_media":2678,"comment_status":"closed","ping_status":"closed","template":"","meta":[],"product_brand":[],"product_cat":[31,15],"product_tag":[],"class_list":{"0":"post-2668","1":"product","2":"type-product","3":"status-publish","4":"has-post-thumbnail","6":"product_cat-eye-makeup","7":"product_cat-makeup","9":"first","10":"instock","11":"shipping-taxable","12":"product-type-simple"},"_links":{"self":[{"href":"https:\/\/www.ouyabeauty.com\/es\/wp-json\/wp\/v2\/product\/2668","targetHints":{"allow":["GET"]}}],"collection":[{"href":"https:\/\/www.ouyabeauty.com\/es\/wp-json\/wp\/v2\/product"}],"about":[{"href":"https:\/\/www.ouyabeauty.com\/es\/wp-json\/wp\/v2\/types\/product"}],"replies":[{"embeddable":true,"href":"https:\/\/www.ouyabeauty.com\/es\/wp-json\/wp\/v2\/comments?post=2668"}],"wp:featuredmedia":[{"embeddable":true,"href":"https:\/\/www.ouyabeauty.com\/es\/wp-json\/wp\/v2\/media\/2678"}],"wp:attachment":[{"href":"https:\/\/www.ouyabeauty.com\/es\/wp-json\/wp\/v2\/media?parent=2668"}],"wp:term":[{"taxonomy":"product_brand","embeddable":true,"href":"https:\/\/www.ouyabeauty.com\/es\/wp-json\/wp\/v2\/product_brand?post=2668"},{"taxonomy":"product_cat","embeddable":true,"href":"https:\/\/www.ouyabeauty.com\/es\/wp-json\/wp\/v2\/product_cat?post=2668"},{"taxonomy":"product_tag","embeddable":true,"href":"https:\/\/www.ouyabeauty.com\/es\/wp-json\/wp\/v2\/product_tag?post=2668"}],"curies":[{"name":"WP","href":"https:\/\/api.w.org\/{rel}","templated":true}]}}