{"id":2686,"date":"2025-09-22T15:51:25","date_gmt":"2025-09-22T07:51:25","guid":{"rendered":"https:\/\/www.ouyabeauty.com\/?post_type=product&#038;p=2686"},"modified":"2026-01-29T11:11:11","modified_gmt":"2026-01-29T03:11:11","slug":"premium-mascara-for-defined-lashes-wholesale-natural-organic-mascara-care-em0001-a03","status":"publish","type":"product","link":"https:\/\/www.ouyabeauty.com\/es\/product\/premium-mascara-for-defined-lashes-wholesale-natural-organic-mascara-care-em0001-a03\/","title":{"rendered":"M\u00e1scara premium para pesta\u00f1as definidas-al por mayor natural org\u00e1nico M\u00e1scara Cuidado EM0001-A03"},"content":{"rendered":"<p><span style=\"font-size: 18pt; color: #bb1e32;\"><strong><b>\u00bfC\u00f3mo aplicar?<\/b><\/strong><\/span><\/p>\n<p>Usa el rizador de pesta\u00f1as desde la parte inferior de las pesta\u00f1as para crear el parpadeo radial del ojo.<\/p>\n<p>Usa el cepillo de m\u00e1scara para deslizar lenta y suavemente.<\/p>\n<p>Aplicar la m\u00e1scara de la ra\u00edz a la punta, utilizando cinco zigzags, estirar y alargar cada pesta\u00f1a.<\/p>\n<p>&nbsp;<\/p>","protected":false},"excerpt":{"rendered":"<p><span style=\"font-size: 18pt; color: #bb1e32;\"><strong><b>\u00bfQu\u00e9 es:<\/b><\/strong><\/span><\/p>\n<p>\u00bfAlguna vez has experimentado esta incomodidad de pesta\u00f1as? Se colapsa en solo medio d\u00eda, se ve corto y escaso, se mancha f\u00e1cilmente porque no es impermeable. Nuestra m\u00e1scara presenta un elegante esquema de colores negro y oro. Con una f\u00f3rmula impermeable, dura hasta 12 horas. Consigue las pesta\u00f1as perfectas.<\/p>","protected":false},"featured_media":2688,"comment_status":"closed","ping_status":"closed","template":"","meta":[],"product_brand":[],"product_cat":[31,15],"product_tag":[],"class_list":{"0":"post-2686","1":"product","2":"type-product","3":"status-publish","4":"has-post-thumbnail","6":"product_cat-eye-makeup","7":"product_cat-makeup","9":"first","10":"instock","11":"shipping-taxable","12":"product-type-simple"},"_links":{"self":[{"href":"https:\/\/www.ouyabeauty.com\/es\/wp-json\/wp\/v2\/product\/2686","targetHints":{"allow":["GET"]}}],"collection":[{"href":"https:\/\/www.ouyabeauty.com\/es\/wp-json\/wp\/v2\/product"}],"about":[{"href":"https:\/\/www.ouyabeauty.com\/es\/wp-json\/wp\/v2\/types\/product"}],"replies":[{"embeddable":true,"href":"https:\/\/www.ouyabeauty.com\/es\/wp-json\/wp\/v2\/comments?post=2686"}],"wp:featuredmedia":[{"embeddable":true,"href":"https:\/\/www.ouyabeauty.com\/es\/wp-json\/wp\/v2\/media\/2688"}],"wp:attachment":[{"href":"https:\/\/www.ouyabeauty.com\/es\/wp-json\/wp\/v2\/media?parent=2686"}],"wp:term":[{"taxonomy":"product_brand","embeddable":true,"href":"https:\/\/www.ouyabeauty.com\/es\/wp-json\/wp\/v2\/product_brand?post=2686"},{"taxonomy":"product_cat","embeddable":true,"href":"https:\/\/www.ouyabeauty.com\/es\/wp-json\/wp\/v2\/product_cat?post=2686"},{"taxonomy":"product_tag","embeddable":true,"href":"https:\/\/www.ouyabeauty.com\/es\/wp-json\/wp\/v2\/product_tag?post=2686"}],"curies":[{"name":"WP","href":"https:\/\/api.w.org\/{rel}","templated":true}]}}