{"id":3175,"date":"2026-01-14T16:21:48","date_gmt":"2026-01-14T08:21:48","guid":{"rendered":"https:\/\/www.ouyabeauty.com\/?post_type=product&#038;p=3175"},"modified":"2026-01-29T11:17:20","modified_gmt":"2026-01-29T03:17:20","slug":"custom-lash-enhancing-waterproof-mascara-manufacturer%e4%b8%a8private-label-available-em0001-a05","status":"publish","type":"product","link":"https:\/\/www.ouyabeauty.com\/es\/product\/custom-lash-enhancing-waterproof-mascara-manufacturer%e4%b8%a8private-label-available-em0001-a05\/","title":{"rendered":"Personalizar pesta\u00f1as mejorando el fabricante de m\u00e1scara impermeable \u4e28 Marca privada disponible EM0001-A05"},"content":{"rendered":"<p><span style=\"font-size: 18pt; color: #bb1e32;\"><strong><b>\u00bfC\u00f3mo aplicar?<\/b><\/strong><\/span><\/p>\n<p>Usa un rizador de pesta\u00f1as para crear un rizo natural en tus pesta\u00f1as.<\/p>\n<p>Cepilla suavemente hacia arriba desde la base de las pesta\u00f1as.<\/p>\n<p>Mantenga la varilla en un \u00e1ngulo de 45 grados para el efecto m\u00e1ximo de alargamiento de pesta\u00f1as.<\/p>\n<p>&nbsp;<\/p>","protected":false},"excerpt":{"rendered":"<p><span style=\"font-size: 18pt; color: #bb1e32;\"><strong><b>\u00bfQu\u00e9 es:<\/b><\/strong><\/span><\/p>\n<p>\u00a1Tu m\u00e1scara favorita ahora cuenta con una f\u00f3rmula impermeable mejorada! Esta m\u00e1scara cuenta con una f\u00f3rmula de formaci\u00f3n de pel\u00edcula de secado r\u00e1pido, se establece inmediatamente despu\u00e9s de la aplicaci\u00f3n. Forma una capa protectora ligera y duradera, evita eficazmente la manchadura. Crear pesta\u00f1as ligeras. Conseguir un efecto de pesta\u00f1as rizadas y levantadas. Mant\u00e9ngase en perfectas condiciones todo el d\u00eda.<\/p>","protected":false},"featured_media":3182,"comment_status":"closed","ping_status":"closed","template":"","meta":[],"product_brand":[],"product_cat":[31,15],"product_tag":[],"class_list":{"0":"post-3175","1":"product","2":"type-product","3":"status-publish","4":"has-post-thumbnail","6":"product_cat-eye-makeup","7":"product_cat-makeup","9":"first","10":"instock","11":"shipping-taxable","12":"product-type-simple"},"_links":{"self":[{"href":"https:\/\/www.ouyabeauty.com\/es\/wp-json\/wp\/v2\/product\/3175","targetHints":{"allow":["GET"]}}],"collection":[{"href":"https:\/\/www.ouyabeauty.com\/es\/wp-json\/wp\/v2\/product"}],"about":[{"href":"https:\/\/www.ouyabeauty.com\/es\/wp-json\/wp\/v2\/types\/product"}],"replies":[{"embeddable":true,"href":"https:\/\/www.ouyabeauty.com\/es\/wp-json\/wp\/v2\/comments?post=3175"}],"wp:featuredmedia":[{"embeddable":true,"href":"https:\/\/www.ouyabeauty.com\/es\/wp-json\/wp\/v2\/media\/3182"}],"wp:attachment":[{"href":"https:\/\/www.ouyabeauty.com\/es\/wp-json\/wp\/v2\/media?parent=3175"}],"wp:term":[{"taxonomy":"product_brand","embeddable":true,"href":"https:\/\/www.ouyabeauty.com\/es\/wp-json\/wp\/v2\/product_brand?post=3175"},{"taxonomy":"product_cat","embeddable":true,"href":"https:\/\/www.ouyabeauty.com\/es\/wp-json\/wp\/v2\/product_cat?post=3175"},{"taxonomy":"product_tag","embeddable":true,"href":"https:\/\/www.ouyabeauty.com\/es\/wp-json\/wp\/v2\/product_tag?post=3175"}],"curies":[{"name":"WP","href":"https:\/\/api.w.org\/{rel}","templated":true}]}}