{"id":3184,"date":"2026-01-14T18:44:23","date_gmt":"2026-01-14T10:44:23","guid":{"rendered":"https:\/\/www.ouyabeauty.com\/?post_type=product&#038;p=3184"},"modified":"2026-01-29T11:18:07","modified_gmt":"2026-01-29T03:18:07","slug":"highly-pigmented-wholesale-16c-eyeshadow-palette-best-sellers-ep001-a13-2","status":"publish","type":"product","link":"https:\/\/www.ouyabeauty.com\/es\/product\/highly-pigmented-wholesale-16c-eyeshadow-palette-best-sellers-ep001-a13-2\/","title":{"rendered":"Paleta de sombras de ojos al por mayor 16C altamente pigmentada Mejores vendedores EP001-A13"},"content":{"rendered":"<p><span style=\"font-size: 18pt; color: #bb1e32;\"><strong><b>\u00bfC\u00f3mo aplicar?<\/b><\/strong><\/span><\/p>\n<p>Usando tu pincel de sombra favorito, mezcla y combina tonos para crear una variedad de looks.<\/p>","protected":false},"excerpt":{"rendered":"<p><span style=\"font-size: 18pt; color: #bb1e32;\"><strong><b>\u00bfQu\u00e9 es:<\/b><\/strong><\/span><\/p>\n<p>Una bonita paleta de sombras de ojos tiene 16 desnudos modernos de alta pigmentaci\u00f3n, que se basa en el tono natural de la piel, creando un plan de maquillaje perfecto para la piel. Esta inspiraci\u00f3n proviene de la ic\u00f3nica paleta de sombras de ojos desnudos naturales, nuestra paleta de sombras de ojos mini es un plan perfecto, puede crear f\u00e1cilmente de apariencia natural a teatral. Esta encantadora sombra de ojos textura lisa, coincidencia de tono de piel, sin pliegues, tonos ricos, por lo que le encantar\u00e1 debe.<\/p>","protected":false},"featured_media":3185,"comment_status":"closed","ping_status":"closed","template":"","meta":[],"product_brand":[],"product_cat":[31,15],"product_tag":[],"class_list":{"0":"post-3184","1":"product","2":"type-product","3":"status-publish","4":"has-post-thumbnail","6":"product_cat-eye-makeup","7":"product_cat-makeup","9":"first","10":"instock","11":"shipping-taxable","12":"product-type-simple"},"_links":{"self":[{"href":"https:\/\/www.ouyabeauty.com\/es\/wp-json\/wp\/v2\/product\/3184","targetHints":{"allow":["GET"]}}],"collection":[{"href":"https:\/\/www.ouyabeauty.com\/es\/wp-json\/wp\/v2\/product"}],"about":[{"href":"https:\/\/www.ouyabeauty.com\/es\/wp-json\/wp\/v2\/types\/product"}],"replies":[{"embeddable":true,"href":"https:\/\/www.ouyabeauty.com\/es\/wp-json\/wp\/v2\/comments?post=3184"}],"wp:featuredmedia":[{"embeddable":true,"href":"https:\/\/www.ouyabeauty.com\/es\/wp-json\/wp\/v2\/media\/3185"}],"wp:attachment":[{"href":"https:\/\/www.ouyabeauty.com\/es\/wp-json\/wp\/v2\/media?parent=3184"}],"wp:term":[{"taxonomy":"product_brand","embeddable":true,"href":"https:\/\/www.ouyabeauty.com\/es\/wp-json\/wp\/v2\/product_brand?post=3184"},{"taxonomy":"product_cat","embeddable":true,"href":"https:\/\/www.ouyabeauty.com\/es\/wp-json\/wp\/v2\/product_cat?post=3184"},{"taxonomy":"product_tag","embeddable":true,"href":"https:\/\/www.ouyabeauty.com\/es\/wp-json\/wp\/v2\/product_tag?post=3184"}],"curies":[{"name":"WP","href":"https:\/\/api.w.org\/{rel}","templated":true}]}}