{"id":3189,"date":"2026-01-14T19:03:43","date_gmt":"2026-01-14T11:03:43","guid":{"rendered":"https:\/\/www.ouyabeauty.com\/?post_type=product&#038;p=3189"},"modified":"2026-01-29T14:02:40","modified_gmt":"2026-01-29T06:02:40","slug":"ladyhood-beauty-not-mascara-24-hour-wear-bold-volume-mascara-manufacturing-em0001-a04","status":"publish","type":"product","link":"https:\/\/www.ouyabeauty.com\/es\/product\/ladyhood-beauty-not-mascara-24-hour-wear-bold-volume-mascara-manufacturing-em0001-a04\/","title":{"rendered":"Ladyhood Belleza NO M\u00e1scara \u2013 24 horas de uso Bold Volume M\u00e1scara Fabrica EM0001-A04"},"content":{"rendered":"<p><span style=\"font-size: 18pt; color: #bb1e32;\"><strong><b>\u00bfC\u00f3mo aplicar?<\/b><\/strong><\/span><\/p>\n<p>Curla las pesta\u00f1as con clips para pesta\u00f1as.<\/p>\n<p>Desde la ra\u00edz de las pesta\u00f1as, cepilla en forma de \u2018z\u2019, puedes hacer una pausa al final de las pesta\u00f1as.<\/p>\n<p>&nbsp;<\/p>","protected":false},"excerpt":{"rendered":"<p><span style=\"font-size: 18pt; color: #bb1e32;\"><strong><b>\u00bfQu\u00e9 es:<\/b><\/strong><\/span><\/p>\n<p>Si te molesta analizar pesta\u00f1as y pesta\u00f1as cortas, si lo es, nuestra m\u00e1scara puede resolver tu problema. Solo tres segundos puede obtener pesta\u00f1as alargadas naturales, se puede comprar con confianza, ciegamente recomiendo! Nuestra m\u00e1scara cuenta con una f\u00f3rmula de larga duraci\u00f3n, altamente impermeable para el uso 24 horas. Di adi\u00f3s a las piernas de ara\u00f1a, obteniendo pesta\u00f1as largas y rizadas que duran todo el d\u00eda.<\/p>","protected":false},"featured_media":3192,"comment_status":"closed","ping_status":"closed","template":"","meta":[],"product_brand":[],"product_cat":[31,15],"product_tag":[],"class_list":{"0":"post-3189","1":"product","2":"type-product","3":"status-publish","4":"has-post-thumbnail","6":"product_cat-eye-makeup","7":"product_cat-makeup","9":"first","10":"instock","11":"shipping-taxable","12":"product-type-simple"},"_links":{"self":[{"href":"https:\/\/www.ouyabeauty.com\/es\/wp-json\/wp\/v2\/product\/3189","targetHints":{"allow":["GET"]}}],"collection":[{"href":"https:\/\/www.ouyabeauty.com\/es\/wp-json\/wp\/v2\/product"}],"about":[{"href":"https:\/\/www.ouyabeauty.com\/es\/wp-json\/wp\/v2\/types\/product"}],"replies":[{"embeddable":true,"href":"https:\/\/www.ouyabeauty.com\/es\/wp-json\/wp\/v2\/comments?post=3189"}],"wp:featuredmedia":[{"embeddable":true,"href":"https:\/\/www.ouyabeauty.com\/es\/wp-json\/wp\/v2\/media\/3192"}],"wp:attachment":[{"href":"https:\/\/www.ouyabeauty.com\/es\/wp-json\/wp\/v2\/media?parent=3189"}],"wp:term":[{"taxonomy":"product_brand","embeddable":true,"href":"https:\/\/www.ouyabeauty.com\/es\/wp-json\/wp\/v2\/product_brand?post=3189"},{"taxonomy":"product_cat","embeddable":true,"href":"https:\/\/www.ouyabeauty.com\/es\/wp-json\/wp\/v2\/product_cat?post=3189"},{"taxonomy":"product_tag","embeddable":true,"href":"https:\/\/www.ouyabeauty.com\/es\/wp-json\/wp\/v2\/product_tag?post=3189"}],"curies":[{"name":"WP","href":"https:\/\/api.w.org\/{rel}","templated":true}]}}