{"id":3194,"date":"2026-01-14T19:21:10","date_gmt":"2026-01-14T11:21:10","guid":{"rendered":"https:\/\/www.ouyabeauty.com\/?post_type=product&#038;p=3194"},"modified":"2026-01-29T13:45:39","modified_gmt":"2026-01-29T05:45:39","slug":"my-fave-trio-eyeshadow-palette-oem-odm-ep02505004-2","status":"publish","type":"product","link":"https:\/\/www.ouyabeauty.com\/es\/product\/my-fave-trio-eyeshadow-palette-oem-odm-ep02505004-2\/","title":{"rendered":"Mi Fave Trio Paleta de Sombras OEM ODM EP02505004"},"content":{"rendered":"<p><span style=\"font-size: 18pt; color: #bb1e32;\"><strong><b>\u00bfC\u00f3mo aplicar?<\/b><\/strong><\/span><\/p>\n<p>Elige el tono claro que vayas a aplicar en tu p\u00e1rpado superior e inferior.<\/p>\n<p>Usa el pincel para sumergir los colores que te gusten, aplicando en el p\u00e1rpado superior.<\/p>\n<p>Crea cualquier aspecto que desees con tus dedos o tus herramientas favoritas.<\/p>","protected":false},"excerpt":{"rendered":"<p><span style=\"font-size: 18pt; color: #bb1e32;\"><strong><b>\u00bfQu\u00e9 es:<\/b><\/strong><\/span><\/p>\n<p>Una colecci\u00f3n de mini paletas de sombras de ojos tricolores imprescindibles que son incre\u00edblemente c\u00f3modas y pr\u00e1cticas. Esta sombra de ojos presenta una textura fina que se desliza suavemente sobre los p\u00e1rpados. Con colores frescos y elegantes, es perfecto para el maquillaje natural diario. Tambi\u00e9n cuenta con una fuerte longevidad y se adapta a varios tipos de piel. Mini Mix se trata de color y efecto con tres sombras de ojos esenciales perfectamente combinadas. Sus acabados mate, brillante, cromado d\u00fao y lenteleillas, crean looks deslumbrantes y duraderos.<\/p>","protected":false},"featured_media":3195,"comment_status":"closed","ping_status":"closed","template":"","meta":[],"product_brand":[],"product_cat":[31,15],"product_tag":[],"class_list":{"0":"post-3194","1":"product","2":"type-product","3":"status-publish","4":"has-post-thumbnail","6":"product_cat-eye-makeup","7":"product_cat-makeup","9":"first","10":"instock","11":"shipping-taxable","12":"product-type-simple"},"_links":{"self":[{"href":"https:\/\/www.ouyabeauty.com\/es\/wp-json\/wp\/v2\/product\/3194","targetHints":{"allow":["GET"]}}],"collection":[{"href":"https:\/\/www.ouyabeauty.com\/es\/wp-json\/wp\/v2\/product"}],"about":[{"href":"https:\/\/www.ouyabeauty.com\/es\/wp-json\/wp\/v2\/types\/product"}],"replies":[{"embeddable":true,"href":"https:\/\/www.ouyabeauty.com\/es\/wp-json\/wp\/v2\/comments?post=3194"}],"wp:featuredmedia":[{"embeddable":true,"href":"https:\/\/www.ouyabeauty.com\/es\/wp-json\/wp\/v2\/media\/3195"}],"wp:attachment":[{"href":"https:\/\/www.ouyabeauty.com\/es\/wp-json\/wp\/v2\/media?parent=3194"}],"wp:term":[{"taxonomy":"product_brand","embeddable":true,"href":"https:\/\/www.ouyabeauty.com\/es\/wp-json\/wp\/v2\/product_brand?post=3194"},{"taxonomy":"product_cat","embeddable":true,"href":"https:\/\/www.ouyabeauty.com\/es\/wp-json\/wp\/v2\/product_cat?post=3194"},{"taxonomy":"product_tag","embeddable":true,"href":"https:\/\/www.ouyabeauty.com\/es\/wp-json\/wp\/v2\/product_tag?post=3194"}],"curies":[{"name":"WP","href":"https:\/\/api.w.org\/{rel}","templated":true}]}}