{"id":3365,"date":"2026-02-05T21:04:47","date_gmt":"2026-02-05T13:04:47","guid":{"rendered":"https:\/\/www.ouyabeauty.com\/?post_type=product&#038;p=3365"},"modified":"2026-02-05T21:04:47","modified_gmt":"2026-02-05T13:04:47","slug":"mattifying-waterproof-high-performance-setting-spray-suppliers-sss0001-a02","status":"publish","type":"product","link":"https:\/\/www.ouyabeauty.com\/es\/product\/mattifying-waterproof-high-performance-setting-spray-suppliers-sss0001-a02\/","title":{"rendered":"Proveedores de pulverizaci\u00f3n de ajuste impermeable de alto rendimiento SSS0001-A02"},"content":{"rendered":"<p><strong><span style=\"color: #ff0000; font-size: 18pt;\">C\u00f3mo utilizar<\/span><\/strong><\/p>\n<p><span style=\"font-size: 12pt; color: #000000;\">Despu\u00e9s de completar su base y maquillaje de ojos, mantenga el spray 15 &#8211; 20 cm de distancia de tu cara. \u00a0<\/span><\/p>\n<p><span style=\"font-size: 12pt; color: #000000;\">Presione suavemente la boquilla y pulverice uniformemente en la cara, evitando los ojos y la boca. \u00a0<\/span><\/p>\n<p><span style=\"font-size: 12pt; color: #000000;\">Para obtener resultados m\u00e1s duraderos, repita 1 &#8211; Dos veces. \u00a0<\/span><\/p>\n<p><span style=\"font-size: 12pt; color: #000000;\">Tambi\u00e9n se puede usar para el tacto &#8211; levantarse durante todo el d\u00eda para refrescar su maquillaje.<\/span><\/p>\n<p>&nbsp;<\/p>","protected":false},"excerpt":{"rendered":"<p><strong><span style=\"font-size: 18pt; color: #ff0000;\">\u00bfQu\u00e9 es:<\/span><\/strong><\/p>\n<p><span style=\"font-size: 12pt; color: #000000;\">\u00bfQuieres tener un maquillaje delicado soldado a tu cara?  \u00a1Este spray de ajuste suave es el secreto! Puede formar una pel\u00edcula transpirable para agarrar firmemente la superficie del maquillaje. Combinado con la fina niebla pulverizada por la cabeza de la bomba de micropresi\u00f3n, la cara superior es ligera y no irritante, y la sensaci\u00f3n perfecta de maquillaje mate de ma\u00f1ana a noche es muy estable.<\/span><\/p>","protected":false},"featured_media":3371,"comment_status":"closed","ping_status":"closed","template":"","meta":[],"product_brand":[],"product_cat":[29,15],"product_tag":[],"class_list":{"0":"post-3365","1":"product","2":"type-product","3":"status-publish","4":"has-post-thumbnail","6":"product_cat-face-makeup","7":"product_cat-makeup","9":"first","10":"instock","11":"shipping-taxable","12":"product-type-simple"},"_links":{"self":[{"href":"https:\/\/www.ouyabeauty.com\/es\/wp-json\/wp\/v2\/product\/3365","targetHints":{"allow":["GET"]}}],"collection":[{"href":"https:\/\/www.ouyabeauty.com\/es\/wp-json\/wp\/v2\/product"}],"about":[{"href":"https:\/\/www.ouyabeauty.com\/es\/wp-json\/wp\/v2\/types\/product"}],"replies":[{"embeddable":true,"href":"https:\/\/www.ouyabeauty.com\/es\/wp-json\/wp\/v2\/comments?post=3365"}],"wp:featuredmedia":[{"embeddable":true,"href":"https:\/\/www.ouyabeauty.com\/es\/wp-json\/wp\/v2\/media\/3371"}],"wp:attachment":[{"href":"https:\/\/www.ouyabeauty.com\/es\/wp-json\/wp\/v2\/media?parent=3365"}],"wp:term":[{"taxonomy":"product_brand","embeddable":true,"href":"https:\/\/www.ouyabeauty.com\/es\/wp-json\/wp\/v2\/product_brand?post=3365"},{"taxonomy":"product_cat","embeddable":true,"href":"https:\/\/www.ouyabeauty.com\/es\/wp-json\/wp\/v2\/product_cat?post=3365"},{"taxonomy":"product_tag","embeddable":true,"href":"https:\/\/www.ouyabeauty.com\/es\/wp-json\/wp\/v2\/product_tag?post=3365"}],"curies":[{"name":"WP","href":"https:\/\/api.w.org\/{rel}","templated":true}]}}