{"id":3378,"date":"2026-02-11T09:48:31","date_gmt":"2026-02-11T01:48:31","guid":{"rendered":"https:\/\/www.ouyabeauty.com\/?post_type=product&#038;p=3378"},"modified":"2026-02-11T09:48:31","modified_gmt":"2026-02-11T01:48:31","slug":"custom-kiss-algorithm-lip-liner-manufactures-ll0001-a01","status":"publish","type":"product","link":"https:\/\/www.ouyabeauty.com\/es\/product\/custom-kiss-algorithm-lip-liner-manufactures-ll0001-a01\/","title":{"rendered":"Custom Kiss Algoritmo labio forro fabrica LL0001-A01"},"content":{"rendered":"<p><span style=\"color: #ff0000;\"><strong><span style=\"font-size: 18pt;\">\u00bfC\u00f3mo aplicar?<\/span><\/strong><\/span><\/p>\n<p><span style=\"font-size: 12pt; color: #000000;\">Paso 01: Esboza la forma que te guste, traza el filtro, las esquinas de la boca y el borde inferior del labio, y luego deja caer un toque de sombra justo dentro del borde. \u00a0<\/span><\/p>\n<p><span style=\"font-size: 12pt; color: #000000;\">Paso 02: Sumergir el cepillo de labios y plumar las l\u00edneas hacia dentro para que los bordes se funden en la piel. \u00a0<\/span><\/p>\n<p><span style=\"font-size: 12pt; color: #000000;\">Paso 03: Desliza tu l\u00e1piz labial por todo el labio y ya has terminado.<\/span><\/p>","protected":false},"excerpt":{"rendered":"<p><span style=\"font-size: 18pt; color: #ff0000;\"><strong><b>\u00bfQu\u00e9 es:<\/b><\/strong><\/span><\/p>\n<p><span style=\"color: #000000;\">Parece una pluma de clic y act\u00faa como uno. La punta ultrafina abraza cada curva de su arco cupido y esquinas, para que pueda dibujar un contorno n\u00edtido y 3D en segundos. Gracias a un n\u00facleo cargado de mantequilla de karit\u00e9, el l\u00e1piz se mantiene cremoso y nunca se arrastra, en cambio, alimenta a los labios con un poco de humedad y suaviza las l\u00edneas mientras dibujas. Incluso los labios secos obtienen una huella de color suave y libre de remolque.<\/span><\/p>","protected":false},"featured_media":3379,"comment_status":"closed","ping_status":"closed","template":"","meta":[],"product_brand":[],"product_cat":[30,15],"product_tag":[],"class_list":{"0":"post-3378","1":"product","2":"type-product","3":"status-publish","4":"has-post-thumbnail","6":"product_cat-lip-makeup","7":"product_cat-makeup","9":"first","10":"instock","11":"shipping-taxable","12":"product-type-simple"},"_links":{"self":[{"href":"https:\/\/www.ouyabeauty.com\/es\/wp-json\/wp\/v2\/product\/3378","targetHints":{"allow":["GET"]}}],"collection":[{"href":"https:\/\/www.ouyabeauty.com\/es\/wp-json\/wp\/v2\/product"}],"about":[{"href":"https:\/\/www.ouyabeauty.com\/es\/wp-json\/wp\/v2\/types\/product"}],"replies":[{"embeddable":true,"href":"https:\/\/www.ouyabeauty.com\/es\/wp-json\/wp\/v2\/comments?post=3378"}],"wp:featuredmedia":[{"embeddable":true,"href":"https:\/\/www.ouyabeauty.com\/es\/wp-json\/wp\/v2\/media\/3379"}],"wp:attachment":[{"href":"https:\/\/www.ouyabeauty.com\/es\/wp-json\/wp\/v2\/media?parent=3378"}],"wp:term":[{"taxonomy":"product_brand","embeddable":true,"href":"https:\/\/www.ouyabeauty.com\/es\/wp-json\/wp\/v2\/product_brand?post=3378"},{"taxonomy":"product_cat","embeddable":true,"href":"https:\/\/www.ouyabeauty.com\/es\/wp-json\/wp\/v2\/product_cat?post=3378"},{"taxonomy":"product_tag","embeddable":true,"href":"https:\/\/www.ouyabeauty.com\/es\/wp-json\/wp\/v2\/product_tag?post=3378"}],"curies":[{"name":"WP","href":"https:\/\/api.w.org\/{rel}","templated":true}]}}