{"id":3431,"date":"2026-02-11T10:01:25","date_gmt":"2026-02-11T02:01:25","guid":{"rendered":"https:\/\/www.ouyabeauty.com\/?post_type=product&#038;p=3431"},"modified":"2026-02-11T10:01:25","modified_gmt":"2026-02-11T02:01:25","slug":"clear-lightweight-portable-infused-lip-oil","status":"publish","type":"product","link":"https:\/\/www.ouyabeauty.com\/es\/product\/clear-lightweight-portable-infused-lip-oil\/","title":{"rendered":"Aceite de labios infundido port\u00e1til ligero y transparente"},"content":{"rendered":"<p><span style=\"font-size: 18pt; color: #ff0000;\"><strong><b>\u00bfC\u00f3mo aplicar?<\/b><\/strong><\/span><\/p>\n<p><span style=\"color: #000000;\">PASO 01: Torce el tubo corto y el cabezal de cepillo de torsi\u00f3n autom\u00e1ticamente devuelve una dosis sin tener que sumergirla de nuevo. \u00a0<\/span><\/p>\n<p><span style=\"color: #000000;\">\u00a0PASO 02: Primero, tira horizontalmente a lo largo del centro del labio inferior, luego apunta a la izquierda y a la derecha. C\u00e1llate y toma un sorbo para frotar el interior de tus labios, haciendo que las l\u00edneas labiales sean invisibles por un segundo. \u00a0<\/span><\/p>\n<p><span style=\"color: #000000;\">\u00a0PASO 03: Espere 15 segundos para que la pel\u00edcula se forme y luego ponga el color, que es m\u00e1s suave y m\u00e1s colorido. O usa l\u00e1piz labial y luego puntea el medio para convertirse en labios de gelatina en segundos. \u00a0<\/span><\/p>\n<p><span style=\"color: #000000;\">PASO 04: Durante el d\u00eda, no&#8217; Necesita un espejo para reaplicarlo. La peque\u00f1a pendiente del cabezal del cepillo est\u00e1 dirigida al pico del labio. Pulsa y arrastra para completar. Utilizalo como m\u00e1scara labial por la noche: cepilla dos capas gruesas antes de ir a la cama, roda un hisopo de algod\u00f3n una vez al d\u00eda siguiente, y la piel muerta seguir\u00e1.<\/span><\/p>","protected":false},"excerpt":{"rendered":"<p><span style=\"font-size: 18pt; color: #ff0000;\"><strong><b>\u00bfQu\u00e9 es:<\/b><\/strong><\/span><\/p>\n<p><span style=\"color: #000000;\">Este aceite de labios infundido port\u00e1til transparente y ligero est\u00e1 hecho con productos bot\u00e1nicos suaves y totalmente naturales: cero picaduras, por lo que incluso los labios s\u00faper sensibles pueden deslizarse sin preocupaci\u00f3n. Es peque\u00f1o (solo 2 x 2 x 9 cm), se desliza en el bolsillo de la moneda de los jeans o el portatarjetas como si ni siquiera estuviera all\u00ed, y sale para una recarga r\u00e1pida en el metro o a mediados de la cita. El genio de abrazar los labios golpea todas las curvas, el arco de cupido, las esquinas, las obras, colocando un velo cristalino y no pegajoso que se derrite, oculta l\u00edneas secas y te deja parecer que acabas de beber un gal\u00f3n de agua.<\/span><\/p>","protected":false},"featured_media":3432,"comment_status":"closed","ping_status":"closed","template":"","meta":[],"product_brand":[],"product_cat":[30,15],"product_tag":[],"class_list":{"0":"post-3431","1":"product","2":"type-product","3":"status-publish","4":"has-post-thumbnail","6":"product_cat-lip-makeup","7":"product_cat-makeup","9":"first","10":"instock","11":"shipping-taxable","12":"product-type-simple"},"_links":{"self":[{"href":"https:\/\/www.ouyabeauty.com\/es\/wp-json\/wp\/v2\/product\/3431","targetHints":{"allow":["GET"]}}],"collection":[{"href":"https:\/\/www.ouyabeauty.com\/es\/wp-json\/wp\/v2\/product"}],"about":[{"href":"https:\/\/www.ouyabeauty.com\/es\/wp-json\/wp\/v2\/types\/product"}],"replies":[{"embeddable":true,"href":"https:\/\/www.ouyabeauty.com\/es\/wp-json\/wp\/v2\/comments?post=3431"}],"wp:featuredmedia":[{"embeddable":true,"href":"https:\/\/www.ouyabeauty.com\/es\/wp-json\/wp\/v2\/media\/3432"}],"wp:attachment":[{"href":"https:\/\/www.ouyabeauty.com\/es\/wp-json\/wp\/v2\/media?parent=3431"}],"wp:term":[{"taxonomy":"product_brand","embeddable":true,"href":"https:\/\/www.ouyabeauty.com\/es\/wp-json\/wp\/v2\/product_brand?post=3431"},{"taxonomy":"product_cat","embeddable":true,"href":"https:\/\/www.ouyabeauty.com\/es\/wp-json\/wp\/v2\/product_cat?post=3431"},{"taxonomy":"product_tag","embeddable":true,"href":"https:\/\/www.ouyabeauty.com\/es\/wp-json\/wp\/v2\/product_tag?post=3431"}],"curies":[{"name":"WP","href":"https:\/\/api.w.org\/{rel}","templated":true}]}}