{"id":3436,"date":"2026-02-11T10:16:32","date_gmt":"2026-02-11T02:16:32","guid":{"rendered":"https:\/\/www.ouyabeauty.com\/?post_type=product&#038;p=3436"},"modified":"2026-02-11T10:16:32","modified_gmt":"2026-02-11T02:16:32","slug":"elegance-cube-lustrous-lip-serum","status":"publish","type":"product","link":"https:\/\/www.ouyabeauty.com\/es\/product\/elegance-cube-lustrous-lip-serum\/","title":{"rendered":"Elegance Cube Lustrous Serum para labios"},"content":{"rendered":"<p><span style=\"font-size: 18pt; color: #ff0000;\"><strong><b>\u00bfC\u00f3mo aplicar?<\/b><\/strong><\/span><\/p>\n<p><span style=\"color: #000000;\">\u00a0Todos los d\u00edas, de manera simple: Torce el cubo, desliza la varilla una vez, frote desde el centro hacia afuera. Una r\u00e1pida presi\u00f3n de los labios = \"Me despert\u00e9 as\u00ed\" tinta la humedad durante todo el d\u00eda. Hecho.<\/span><\/p>\n<p><span style=\"color: #000000;\">Combos de nivel<\/span><\/p>\n<p><span style=\"color: #000000;\">&#8211; Antes del l\u00e1piz mate: capa delgada, espera 10 sec \u2192  l\u00e1piz labial desliza, salta el crack-fest. \u00a0<\/span><\/p>\n<p><span style=\"color: #000000;\">&#8211; Despu\u00e9s del l\u00e1piz labial: ponga un pino en el arco del cupido y el labio inferior medio, toca \u2192  instant\u00e1neo pop vidrio sin goop.<\/span><\/p>\n<p><span style=\"color: #000000;\">M\u00e1scara para dormir \u00a0<\/span><\/p>\n<p><span style=\"color: #000000;\">Elimina una capa de grasa antes de acostarte, olv\u00eddelo. Despierta con labios suaves y sin l\u00edneas, sin frotar, sin sorpresas secas.<\/span><\/p>","protected":false},"excerpt":{"rendered":"<p><span style=\"font-size: 18pt; color: #ff0000;\"><strong><b>\u00bfQu\u00e9 es:<\/b><\/strong><\/span><\/p>\n<p><span style=\"color: #000000;\">\u00bfQuieres esa pulpa jugosa y de vidrio sin esforzarte demasiado?<\/span><\/p>\n<p><span style=\"color: #000000;\">Abra este cubo de suero labial remolinoso de \u00e1mbar. El exterior se parece a un peque\u00f1o bloque de miel, el interior se siente como la seda, un deslizamiento y se derrite, sellando la humedad y dejando solo un susurro de tono \"mis labios, pero mejor\".<\/span><\/p>","protected":false},"featured_media":3439,"comment_status":"closed","ping_status":"closed","template":"","meta":[],"product_brand":[],"product_cat":[30,15],"product_tag":[],"class_list":{"0":"post-3436","1":"product","2":"type-product","3":"status-publish","4":"has-post-thumbnail","6":"product_cat-lip-makeup","7":"product_cat-makeup","9":"first","10":"instock","11":"shipping-taxable","12":"product-type-simple"},"_links":{"self":[{"href":"https:\/\/www.ouyabeauty.com\/es\/wp-json\/wp\/v2\/product\/3436","targetHints":{"allow":["GET"]}}],"collection":[{"href":"https:\/\/www.ouyabeauty.com\/es\/wp-json\/wp\/v2\/product"}],"about":[{"href":"https:\/\/www.ouyabeauty.com\/es\/wp-json\/wp\/v2\/types\/product"}],"replies":[{"embeddable":true,"href":"https:\/\/www.ouyabeauty.com\/es\/wp-json\/wp\/v2\/comments?post=3436"}],"wp:featuredmedia":[{"embeddable":true,"href":"https:\/\/www.ouyabeauty.com\/es\/wp-json\/wp\/v2\/media\/3439"}],"wp:attachment":[{"href":"https:\/\/www.ouyabeauty.com\/es\/wp-json\/wp\/v2\/media?parent=3436"}],"wp:term":[{"taxonomy":"product_brand","embeddable":true,"href":"https:\/\/www.ouyabeauty.com\/es\/wp-json\/wp\/v2\/product_brand?post=3436"},{"taxonomy":"product_cat","embeddable":true,"href":"https:\/\/www.ouyabeauty.com\/es\/wp-json\/wp\/v2\/product_cat?post=3436"},{"taxonomy":"product_tag","embeddable":true,"href":"https:\/\/www.ouyabeauty.com\/es\/wp-json\/wp\/v2\/product_tag?post=3436"}],"curies":[{"name":"WP","href":"https:\/\/api.w.org\/{rel}","templated":true}]}}