{"id":3442,"date":"2026-02-11T10:26:37","date_gmt":"2026-02-11T02:26:37","guid":{"rendered":"https:\/\/www.ouyabeauty.com\/?post_type=product&#038;p=3442"},"modified":"2026-02-11T10:26:37","modified_gmt":"2026-02-11T02:26:37","slug":"gilded-shine-hydrating-lip-cream","status":"publish","type":"product","link":"https:\/\/www.ouyabeauty.com\/es\/product\/gilded-shine-hydrating-lip-cream\/","title":{"rendered":"Crema hidratante para labios Gilded Shine"},"content":{"rendered":"<p><span style=\"font-size: 18pt; color: #ff0000;\"><strong><b>\u00bfC\u00f3mo aplicar?<\/b><\/strong><\/span><\/p>\n<ul>\n<li><span style=\"color: #000000;\">Usa la cabeza del cepillo directamente para tomar la cantidad adecuada de esencia y aplicarla uniformemente en todos los labios. Una aplicaci\u00f3n delgada puede hidratar y proteger sus labios durante mucho tiempo, y su apariencia natural puede revelarse incluso sin maquillaje.<\/span><\/li>\n<li><span style=\"color: #000000;\">Aplique una capa delgada de l\u00e1piz labial antes de aplicarlo, espere 10 segundos para que se absorbe, y luego aplique el l\u00e1piz labial de nuevo para suavizar la aplicaci\u00f3n y reducir las arrugas;<\/span><\/li>\n<li><span style=\"color: #000000;\">Aplica una capa gruesa antes de ir a la cama y limpiala ligeramente con una toalla de papel cuando te levantes al d\u00eda siguiente. Las l\u00edneas de los labios y la piel muerta se ablandar\u00e1n, y los labios ser\u00e1n m\u00e1s suaves y m\u00e1s tiernos;<\/span><\/li>\n<li><span style=\"color: #000000;\">Despu\u00e9s de que el l\u00e1piz est\u00e9 seco, apl\u00edcalo ligeramente sobre los labios para aumentar la atm\u00f3sfera de los labios de vidrio.<\/span><\/li>\n<\/ul>","protected":false},"excerpt":{"rendered":"<p><span style=\"font-size: 18pt; color: #ff0000;\"><strong><b>\u00bfQu\u00e9 es:<\/b><\/strong><\/span><\/p>\n<p><span style=\"color: #000000;\">Aqu\u00ed&#8217;  \u00a1Es el secreto de los labios llenos y suaves! Esta crema de suero labial tiene una textura ligera y sedosa, dejando que su labio superior se sienta no pegajoso, dejando solo una sensaci\u00f3n hidratante profunda. Viene con un rico tono de baya, y cuando se aplica, crea un efecto labial de vidrio transl\u00facido: aplicado gruesamente para una sensaci\u00f3n brillante y atmosf\u00e9rica, y ligeramente aplicado para un color natural y agradable. Ya sea un viaje por la ma\u00f1ana o una cita nocturna, puede mantener sus labios lisos, h\u00famedos y delicados en todo momento.<\/span><\/p>","protected":false},"featured_media":3443,"comment_status":"closed","ping_status":"closed","template":"","meta":[],"product_brand":[],"product_cat":[30,15],"product_tag":[],"class_list":{"0":"post-3442","1":"product","2":"type-product","3":"status-publish","4":"has-post-thumbnail","6":"product_cat-lip-makeup","7":"product_cat-makeup","9":"first","10":"instock","11":"shipping-taxable","12":"product-type-simple"},"_links":{"self":[{"href":"https:\/\/www.ouyabeauty.com\/es\/wp-json\/wp\/v2\/product\/3442","targetHints":{"allow":["GET"]}}],"collection":[{"href":"https:\/\/www.ouyabeauty.com\/es\/wp-json\/wp\/v2\/product"}],"about":[{"href":"https:\/\/www.ouyabeauty.com\/es\/wp-json\/wp\/v2\/types\/product"}],"replies":[{"embeddable":true,"href":"https:\/\/www.ouyabeauty.com\/es\/wp-json\/wp\/v2\/comments?post=3442"}],"wp:featuredmedia":[{"embeddable":true,"href":"https:\/\/www.ouyabeauty.com\/es\/wp-json\/wp\/v2\/media\/3443"}],"wp:attachment":[{"href":"https:\/\/www.ouyabeauty.com\/es\/wp-json\/wp\/v2\/media?parent=3442"}],"wp:term":[{"taxonomy":"product_brand","embeddable":true,"href":"https:\/\/www.ouyabeauty.com\/es\/wp-json\/wp\/v2\/product_brand?post=3442"},{"taxonomy":"product_cat","embeddable":true,"href":"https:\/\/www.ouyabeauty.com\/es\/wp-json\/wp\/v2\/product_cat?post=3442"},{"taxonomy":"product_tag","embeddable":true,"href":"https:\/\/www.ouyabeauty.com\/es\/wp-json\/wp\/v2\/product_tag?post=3442"}],"curies":[{"name":"WP","href":"https:\/\/api.w.org\/{rel}","templated":true}]}}