{"id":3447,"date":"2026-02-11T10:46:30","date_gmt":"2026-02-11T02:46:30","guid":{"rendered":"https:\/\/www.ouyabeauty.com\/?post_type=product&#038;p=3447"},"modified":"2026-02-11T10:46:30","modified_gmt":"2026-02-11T02:46:30","slug":"ladyhood-translucent-glow-ultra-hydrating-lip-essence-loe0001-a07","status":"publish","type":"product","link":"https:\/\/www.ouyabeauty.com\/es\/product\/ladyhood-translucent-glow-ultra-hydrating-lip-essence-loe0001-a07\/","title":{"rendered":"LADYHOOD Glow Transl\u00facido Ultra-Hidratante Labio Esencia LOE0001-A07"},"content":{"rendered":"<p><span style=\"font-size: 18pt; color: #ff0000;\"><strong><b>C\u00f3mo <\/b><\/strong><strong><b>T<\/b><\/strong><strong><b>o \u00bfAplicar?<\/b><\/strong><\/span><\/p>\n<p><span style=\"color: #000000;\">PASO 01: Torce la parte inferior: un peque\u00f1o pincel incorporado aparece directamente. \u00a0<\/span><\/p>\n<p><span style=\"color: #000000;\">Paso 02: Deslizar una vez a trav\u00e9s de los labios desnudos, esperar 10-15 segundos para que el aceite se convierta en un escudo invisible. Ponga el l\u00e1piz labial en la parte superior o lo use solo para obtener humedad amortiguada todos los d\u00edas. \u00a0<\/span><\/p>\n<p><span style=\"color: #000000;\">Paso 03: Turno nocturno: gire una capa de grasa (el doble de la dosis diurna), golpe cada mil\u00edmetro del labio, duerme. Despierta, desliza con una almohadilla de algod\u00f3n: los escamos se derriten, las grietas se enfr\u00edan. \u00a0<\/span><\/p>\n<p><span style=\"color: #000000;\">PASO 04: \u00bfLos labios se sienten apretados o el l\u00e1piz labial comienza a agrietarse? Gira, trata el borde o las l\u00edneas m\u00e1s profundas, sin dedos, sin desorden, fijado en cinco segundos.<\/span><\/p>","protected":false},"excerpt":{"rendered":"<p><span style=\"font-size: 18pt; color: #ff0000;\"><strong><b>\u00bfQu\u00e9 es:<\/b><\/strong><\/span><\/p>\n<p><span style=\"color: #000000;\">LADYHOOD Translucent Glow Ultra-Hydrating Lip Essence es un salvavidas total para los labios secos! Cuenta con una textura sedosa y ligera sin pegajosidad, proporcionando un acabado transparente e hidratante de labios de vidrio una vez aplicado. Con una poderosa hidrataci\u00f3n de larga duraci\u00f3n, funciona perfectamente como una m\u00e1scara labial durante la noche para la reparaci\u00f3n profunda de las l\u00edneas secas, y tambi\u00e9n se dobla como un imprimante de l\u00e1piz labial para evitar que el color se establezca en l\u00edneas finas de los labios, \u00a1ideal para el cuidado diario de los labios y el rescate previo al maquillaje!<\/span><\/p>","protected":false},"featured_media":3448,"comment_status":"closed","ping_status":"closed","template":"","meta":[],"product_brand":[],"product_cat":[30,15],"product_tag":[],"class_list":{"0":"post-3447","1":"product","2":"type-product","3":"status-publish","4":"has-post-thumbnail","6":"product_cat-lip-makeup","7":"product_cat-makeup","9":"first","10":"instock","11":"shipping-taxable","12":"product-type-simple"},"_links":{"self":[{"href":"https:\/\/www.ouyabeauty.com\/es\/wp-json\/wp\/v2\/product\/3447","targetHints":{"allow":["GET"]}}],"collection":[{"href":"https:\/\/www.ouyabeauty.com\/es\/wp-json\/wp\/v2\/product"}],"about":[{"href":"https:\/\/www.ouyabeauty.com\/es\/wp-json\/wp\/v2\/types\/product"}],"replies":[{"embeddable":true,"href":"https:\/\/www.ouyabeauty.com\/es\/wp-json\/wp\/v2\/comments?post=3447"}],"wp:featuredmedia":[{"embeddable":true,"href":"https:\/\/www.ouyabeauty.com\/es\/wp-json\/wp\/v2\/media\/3448"}],"wp:attachment":[{"href":"https:\/\/www.ouyabeauty.com\/es\/wp-json\/wp\/v2\/media?parent=3447"}],"wp:term":[{"taxonomy":"product_brand","embeddable":true,"href":"https:\/\/www.ouyabeauty.com\/es\/wp-json\/wp\/v2\/product_brand?post=3447"},{"taxonomy":"product_cat","embeddable":true,"href":"https:\/\/www.ouyabeauty.com\/es\/wp-json\/wp\/v2\/product_cat?post=3447"},{"taxonomy":"product_tag","embeddable":true,"href":"https:\/\/www.ouyabeauty.com\/es\/wp-json\/wp\/v2\/product_tag?post=3447"}],"curies":[{"name":"WP","href":"https:\/\/api.w.org\/{rel}","templated":true}]}}