{"id":3452,"date":"2026-02-11T10:52:49","date_gmt":"2026-02-11T02:52:49","guid":{"rendered":"https:\/\/www.ouyabeauty.com\/?post_type=product&#038;p=3452"},"modified":"2026-02-12T18:56:22","modified_gmt":"2026-02-12T10:56:22","slug":"ladyhood-lime-vitamin-e-burst-hydration-lip-oil-loe0001-a06","status":"publish","type":"product","link":"https:\/\/www.ouyabeauty.com\/es\/product\/ladyhood-lime-vitamin-e-burst-hydration-lip-oil-loe0001-a06\/","title":{"rendered":"LADYHOOD Lima Vitamina E &#8220; Hidrataci\u00f3n de r\u00e1faga&#8221; Aceite labial LOE0001-A06"},"content":{"rendered":"<p><span style=\"font-size: 18pt; color: #ff0000;\"><strong><b>C\u00f3mo <\/b><\/strong><strong><b>T<\/b><\/strong><strong><b>o \u00bfAplicar?<\/b><\/strong><\/span><\/p>\n<p><span style=\"color: #000000;\">Cuidado diario: Retorce la varilla, deslizarla, golpear los labios una vez - boom, brillo instant\u00e1neo de vidrio h\u00famedo.<\/span><\/p>\n<p><span style=\"color: #000000;\">SOS para labios de papel lijado: Glop sobre una capa de grasa, enfriar durante cinco, luego limpiar con un tejido blando; los escamos salen y tu ca\u00f1a se siente almohadillada.<\/span><\/p>\n<p><span style=\"color: #000000;\">Truco de la capa superior: Despu\u00e9s del l\u00e1piz labial, toca una raya delgada en el centro, convierte cualquier mate en un jugoso, mira a trav\u00e9s del pop y mata la vibraci\u00f3n del desierto.<\/span><\/p>\n<p><span style=\"color: #000000;\">Primero cubre los labios, espere sesenta segundos, luego pinte en su mate favorito; color desliza en pliegues libres todo el d\u00eda.<\/span><\/p>","protected":false},"excerpt":{"rendered":"<p><span style=\"font-size: 18pt; color: #ff0000;\"><strong><b>\u00bfQu\u00e9 es:<\/b><\/strong><\/span><\/p>\n<p><span style=\"color: #000000;\">LADYHOOD Lime &amp; Aceite de labios con vitamina E, 4,4 ml, es b\u00e1sicamente una llamada al 911 para tus labios. A\u00f1ade vitamina E y una f\u00f3rmula de hidrataci\u00f3n profunda y la textura es transparente y h\u00fameda oleosa. Tiene un brillo que har\u00e1 que tu ca\u00f1a brillante y perfecta como vidrio. Utilizarlo no solo puede rescatar labios agrietados y forrados, sino que tambi\u00e9n puede aplicarlo sobre el color para un destacado claro y rociado.<\/span><\/p>","protected":false},"featured_media":3453,"comment_status":"closed","ping_status":"closed","template":"","meta":[],"product_brand":[],"product_cat":[30,15],"product_tag":[],"class_list":{"0":"post-3452","1":"product","2":"type-product","3":"status-publish","4":"has-post-thumbnail","6":"product_cat-lip-makeup","7":"product_cat-makeup","9":"first","10":"instock","11":"shipping-taxable","12":"product-type-simple"},"_links":{"self":[{"href":"https:\/\/www.ouyabeauty.com\/es\/wp-json\/wp\/v2\/product\/3452","targetHints":{"allow":["GET"]}}],"collection":[{"href":"https:\/\/www.ouyabeauty.com\/es\/wp-json\/wp\/v2\/product"}],"about":[{"href":"https:\/\/www.ouyabeauty.com\/es\/wp-json\/wp\/v2\/types\/product"}],"replies":[{"embeddable":true,"href":"https:\/\/www.ouyabeauty.com\/es\/wp-json\/wp\/v2\/comments?post=3452"}],"wp:featuredmedia":[{"embeddable":true,"href":"https:\/\/www.ouyabeauty.com\/es\/wp-json\/wp\/v2\/media\/3453"}],"wp:attachment":[{"href":"https:\/\/www.ouyabeauty.com\/es\/wp-json\/wp\/v2\/media?parent=3452"}],"wp:term":[{"taxonomy":"product_brand","embeddable":true,"href":"https:\/\/www.ouyabeauty.com\/es\/wp-json\/wp\/v2\/product_brand?post=3452"},{"taxonomy":"product_cat","embeddable":true,"href":"https:\/\/www.ouyabeauty.com\/es\/wp-json\/wp\/v2\/product_cat?post=3452"},{"taxonomy":"product_tag","embeddable":true,"href":"https:\/\/www.ouyabeauty.com\/es\/wp-json\/wp\/v2\/product_tag?post=3452"}],"curies":[{"name":"WP","href":"https:\/\/api.w.org\/{rel}","templated":true}]}}