{"id":3631,"date":"2026-03-19T19:54:32","date_gmt":"2026-03-19T11:54:32","guid":{"rendered":"https:\/\/www.ouyabeauty.com\/?post_type=product&#038;p=3631"},"modified":"2026-03-19T19:54:32","modified_gmt":"2026-03-19T11:54:32","slug":"brow-fection-custom-shade-angled-brush-and-dip","status":"publish","type":"product","link":"https:\/\/www.ouyabeauty.com\/es\/product\/brow-fection-custom-shade-angled-brush-and-dip\/","title":{"rendered":"Cepillo y sumergimiento en \u00e1ngulo de sombra personalizada de Brow-Fection"},"content":{"rendered":"<p><span style=\"font-size: 18pt; color: #ff0000;\"><strong><b>\u00bfC\u00f3mo aplicar?<\/b><\/strong><\/span><\/p>\n<p><span style=\"color: #000000;\">PASO 01: Torce la cerradura en el barril para desbloquear el producto para su primer uso.<\/span><\/p>\n<p><span style=\"color: #000000;\">PASO 02: Por favor sumerge la cabeza del cepillo completamente en el l\u00edquido para asegurarse de que absorbe suficiente producto.<\/span><\/p>\n<p><span style=\"color: #000000;\">PASO 03: Presione el bot\u00f3n superior 2-3 veces para que el cepillo se recubre uniformemente con el color de las cejas.<\/span><\/p>\n<p><span style=\"color: #000000;\">PASO 04: Cepilla a lo largo de los pelos naturales de las cejas para llenar cualquier mancha escasa.<\/span><\/p>\n<p><span style=\"color: #000000;\">PASO 05: Usa la punta del cepillo para dar forma cuidadosamente y definir la cola para un acabado limpio y n\u00edtido.<\/span><\/p>\n<p><span style=\"color: #000000;\">PASO 06: Acabar con un impresionante efecto de ceja de microhoja.<\/span><\/p>","protected":false},"excerpt":{"rendered":"<p><span style=\"font-size: 12pt; color: #000000;\">Nuestro tono de cejas es nutritivo, llena las cejas adelgazadas y crea un look de cejas completamente personalizado! Cuenta con una cabeza de cepillo biselada precisa y una f\u00f3rmula impermeable de larga duraci\u00f3n. Al mismo tiempo, la vitamina E se a\u00f1ade a la f\u00f3rmula para lograr efectos hidratantes profundos y un acabado brillante natural. Describe f\u00e1cilmente el flujo del cabello simulado, asegura que el maquillaje dure todo el d\u00eda, haciendo que las formas de las cejas se vean completas, saludables, tridimensionales y v\u00edvidas.<\/span><\/p>","protected":false},"featured_media":3632,"comment_status":"closed","ping_status":"closed","template":"","meta":[],"product_brand":[],"product_cat":[31,15],"product_tag":[],"class_list":{"0":"post-3631","1":"product","2":"type-product","3":"status-publish","4":"has-post-thumbnail","6":"product_cat-eye-makeup","7":"product_cat-makeup","9":"first","10":"instock","11":"shipping-taxable","12":"product-type-simple"},"_links":{"self":[{"href":"https:\/\/www.ouyabeauty.com\/es\/wp-json\/wp\/v2\/product\/3631","targetHints":{"allow":["GET"]}}],"collection":[{"href":"https:\/\/www.ouyabeauty.com\/es\/wp-json\/wp\/v2\/product"}],"about":[{"href":"https:\/\/www.ouyabeauty.com\/es\/wp-json\/wp\/v2\/types\/product"}],"replies":[{"embeddable":true,"href":"https:\/\/www.ouyabeauty.com\/es\/wp-json\/wp\/v2\/comments?post=3631"}],"wp:featuredmedia":[{"embeddable":true,"href":"https:\/\/www.ouyabeauty.com\/es\/wp-json\/wp\/v2\/media\/3632"}],"wp:attachment":[{"href":"https:\/\/www.ouyabeauty.com\/es\/wp-json\/wp\/v2\/media?parent=3631"}],"wp:term":[{"taxonomy":"product_brand","embeddable":true,"href":"https:\/\/www.ouyabeauty.com\/es\/wp-json\/wp\/v2\/product_brand?post=3631"},{"taxonomy":"product_cat","embeddable":true,"href":"https:\/\/www.ouyabeauty.com\/es\/wp-json\/wp\/v2\/product_cat?post=3631"},{"taxonomy":"product_tag","embeddable":true,"href":"https:\/\/www.ouyabeauty.com\/es\/wp-json\/wp\/v2\/product_tag?post=3631"}],"curies":[{"name":"wp","href":"https:\/\/api.w.org\/{rel}","templated":true}]}}