{"id":3636,"date":"2026-03-19T20:11:01","date_gmt":"2026-03-19T12:11:01","guid":{"rendered":"https:\/\/www.ouyabeauty.com\/?post_type=product&#038;p=3636"},"modified":"2026-03-19T20:11:01","modified_gmt":"2026-03-19T12:11:01","slug":"custom-waterproof-long-lasting-liquid-eyeliner-el0001-a02","status":"publish","type":"product","link":"https:\/\/www.ouyabeauty.com\/es\/product\/custom-waterproof-long-lasting-liquid-eyeliner-el0001-a02\/","title":{"rendered":"Personalizado impermeable de larga duraci\u00f3n l\u00edquido eyeliner EL0001-A02"},"content":{"rendered":"<p><span style=\"color: #ff0000;\"><strong><span style=\"font-size: 18pt;\">\u00bfC\u00f3mo aplicar?<\/span><\/strong><\/span><\/p>\n<p><span style=\"color: #000000;\">Paso 1: Limpia primero la piel de los ojos. Despu\u00e9s de completar el maquillaje de base, use polvo suelto para presionar ligeramente el \u00e1rea alrededor de los ojos para absorber el exceso de aceite y evitar las manchas posteriores.<\/span><\/p>\n<p><span style=\"color: #000000;\">PASO 02: Agite bien desde la punta del ojo hasta la cola del ojo antes de usar<\/span><\/p>\n<p><span style=\"color: #000000;\">PASO 03: Longitud de cola ajustable para diferentes estilos de maquillaje de ojos<\/span><\/p>\n<p><span style=\"color: #000000;\">PASO 04: Espere a que se forme la pel\u00edcula y no parpadee ni la toque inmediatamente despu\u00e9s de pintar. Espere 30 segundos para que el eyeliner l\u00edquido se seque y forme la pel\u00edcula de forma natural.<\/span><\/p>\n<p><span style=\"color: #000000;\">PASO 05: Despu\u00e9s del uso, cierre la tapa de la pluma firmemente a tiempo para evitar que el l\u00edquido se evapore y se seque, y evite que la punta se golpee y se bifurque.<\/span><\/p>","protected":false},"excerpt":{"rendered":"<p><span style=\"color: #000000;\">Este eyeliner se cierra en su lugar con tecnolog\u00eda de formaci\u00f3n de pel\u00edcula. Es impermeable, a prueba de sudor y listo para lo que sus d\u00edas traen. La humedad gan\u00f3&#8217; Tu mirada ocular se mantiene n\u00edtida de la ma\u00f1ana a la noche. La punta del fluido se desliza sin problemas, sin tirar, sin saltar. Con un golpe limpio, los principiantes pueden clavar la pel\u00edcula perfecta cada vez. No hay pruebas en animales. Esta f\u00f3rmula limpia y suave es adecuada para ojos sensibles. Oro rosa y negro. Vibras elegantes. Oficina o fiesta.  You&#8217; re cubierto.<\/span><\/p>","protected":false},"featured_media":3637,"comment_status":"closed","ping_status":"closed","template":"","meta":[],"product_brand":[],"product_cat":[31,15],"product_tag":[],"class_list":{"0":"post-3636","1":"product","2":"type-product","3":"status-publish","4":"has-post-thumbnail","6":"product_cat-eye-makeup","7":"product_cat-makeup","9":"first","10":"instock","11":"shipping-taxable","12":"product-type-simple"},"_links":{"self":[{"href":"https:\/\/www.ouyabeauty.com\/es\/wp-json\/wp\/v2\/product\/3636","targetHints":{"allow":["GET"]}}],"collection":[{"href":"https:\/\/www.ouyabeauty.com\/es\/wp-json\/wp\/v2\/product"}],"about":[{"href":"https:\/\/www.ouyabeauty.com\/es\/wp-json\/wp\/v2\/types\/product"}],"replies":[{"embeddable":true,"href":"https:\/\/www.ouyabeauty.com\/es\/wp-json\/wp\/v2\/comments?post=3636"}],"wp:featuredmedia":[{"embeddable":true,"href":"https:\/\/www.ouyabeauty.com\/es\/wp-json\/wp\/v2\/media\/3637"}],"wp:attachment":[{"href":"https:\/\/www.ouyabeauty.com\/es\/wp-json\/wp\/v2\/media?parent=3636"}],"wp:term":[{"taxonomy":"product_brand","embeddable":true,"href":"https:\/\/www.ouyabeauty.com\/es\/wp-json\/wp\/v2\/product_brand?post=3636"},{"taxonomy":"product_cat","embeddable":true,"href":"https:\/\/www.ouyabeauty.com\/es\/wp-json\/wp\/v2\/product_cat?post=3636"},{"taxonomy":"product_tag","embeddable":true,"href":"https:\/\/www.ouyabeauty.com\/es\/wp-json\/wp\/v2\/product_tag?post=3636"}],"curies":[{"name":"wp","href":"https:\/\/api.w.org\/{rel}","templated":true}]}}