{"id":3641,"date":"2026-03-19T20:26:57","date_gmt":"2026-03-19T12:26:57","guid":{"rendered":"https:\/\/www.ouyabeauty.com\/?post_type=product&#038;p=3641"},"modified":"2026-03-19T20:26:57","modified_gmt":"2026-03-19T12:26:57","slug":"personalized-volume-and-curl-waterproof-mascara","status":"publish","type":"product","link":"https:\/\/www.ouyabeauty.com\/es\/product\/personalized-volume-and-curl-waterproof-mascara\/","title":{"rendered":"M\u00e1scara impermeable de volumen y rizo personalizado"},"content":{"rendered":"<p><span style=\"font-size: 18pt; color: #ff0000;\"><strong><b>\u00bfC\u00f3mo aplicar?<\/b><\/strong><\/span><\/p>\n<p><span style=\"color: #000000;\">PASO 01: Usa un rizador de pesta\u00f1as desde la ra\u00edz hasta la punta;<\/span><\/p>\n<p><span style=\"color: #000000;\">PASO 02: Aplicar con una elevaci\u00f3n ligeramente hacia arriba desde la base de las pesta\u00f1as a las pesta\u00f1as;<\/span><\/p>\n<p><span style=\"color: #000000;\">PASO 03: Repita cepillarse 2-3 veces y luego usa un rizador de pesta\u00f1as para rizar el cabello.<\/span><\/p>","protected":false},"excerpt":{"rendered":"<p><span style=\"color: #000000;\">Esta m\u00e1scara volumizante y rizante est\u00e1 formulada con una pel\u00edcula de secado r\u00e1pido impermeable y resistente al sudor. Y una cabeza de cepillo de silicona para ajustarse con precisi\u00f3n a las pesta\u00f1as sin agruparse. La tecnolog\u00eda de fibra 3D congela los rizos de 90\u00b0 mientras nutre y fortalece las pesta\u00f1as, lo que permite mantener el maquillaje todo el d\u00eda sin manchas, creando f\u00e1cilmente ojos el\u00e9ctricos din\u00e1micos.<\/span><\/p>","protected":false},"featured_media":3642,"comment_status":"closed","ping_status":"closed","template":"","meta":[],"product_brand":[],"product_cat":[15],"product_tag":[],"class_list":{"0":"post-3641","1":"product","2":"type-product","3":"status-publish","4":"has-post-thumbnail","6":"product_cat-makeup","8":"first","9":"instock","10":"shipping-taxable","11":"product-type-simple"},"_links":{"self":[{"href":"https:\/\/www.ouyabeauty.com\/es\/wp-json\/wp\/v2\/product\/3641","targetHints":{"allow":["GET"]}}],"collection":[{"href":"https:\/\/www.ouyabeauty.com\/es\/wp-json\/wp\/v2\/product"}],"about":[{"href":"https:\/\/www.ouyabeauty.com\/es\/wp-json\/wp\/v2\/types\/product"}],"replies":[{"embeddable":true,"href":"https:\/\/www.ouyabeauty.com\/es\/wp-json\/wp\/v2\/comments?post=3641"}],"wp:featuredmedia":[{"embeddable":true,"href":"https:\/\/www.ouyabeauty.com\/es\/wp-json\/wp\/v2\/media\/3642"}],"wp:attachment":[{"href":"https:\/\/www.ouyabeauty.com\/es\/wp-json\/wp\/v2\/media?parent=3641"}],"wp:term":[{"taxonomy":"product_brand","embeddable":true,"href":"https:\/\/www.ouyabeauty.com\/es\/wp-json\/wp\/v2\/product_brand?post=3641"},{"taxonomy":"product_cat","embeddable":true,"href":"https:\/\/www.ouyabeauty.com\/es\/wp-json\/wp\/v2\/product_cat?post=3641"},{"taxonomy":"product_tag","embeddable":true,"href":"https:\/\/www.ouyabeauty.com\/es\/wp-json\/wp\/v2\/product_tag?post=3641"}],"curies":[{"name":"wp","href":"https:\/\/api.w.org\/{rel}","templated":true}]}}