{"id":3646,"date":"2026-03-19T20:39:30","date_gmt":"2026-03-19T12:39:30","guid":{"rendered":"https:\/\/www.ouyabeauty.com\/?post_type=product&#038;p=3646"},"modified":"2026-03-19T20:39:30","modified_gmt":"2026-03-19T12:39:30","slug":"personalized-double-head-volume-and-length-lash-mascara","status":"publish","type":"product","link":"https:\/\/www.ouyabeauty.com\/es\/product\/personalized-double-head-volume-and-length-lash-mascara\/","title":{"rendered":"M\u00e1scara personalizada de pesta\u00f1as de volumen doble y longitud"},"content":{"rendered":"<p><span style=\"font-size: 18pt; color: #ff0000;\"><strong><b>\u00bfC\u00f3mo aplicar?<\/b><\/strong><\/span><\/p>\n<p><span style=\"color: #000000;\">PASO 01: Antes de aplicar maquillaje, puede sumergir polvo suelto en los ojos para ajustar el maquillaje correctamente para mantener los ojos secos y evitar manchas.<\/span><\/p>\n<p><span style=\"color: #000000;\">PASO 02: Debes usar un rizador de pesta\u00f1as para levantar tus pesta\u00f1as en secciones.\u00a0<\/span><\/p>\n<p><span style=\"color: #000000;\">PASO 03: Agarra el cepillo y barre hacia arriba desde las ra\u00edces en golpes lisos y uniformes. Esto estira cada pesta\u00f1a para ese aspecto limpio, separado y alargado.<\/span><\/p>","protected":false},"excerpt":{"rendered":"<p><span style=\"color: #000000;\">Dise\u00f1o de doble extremo, un extremo es delgado y el otro es grueso. Y solo un producto puede manejar varios maquillajes de ojos. Tecnolog\u00eda de pel\u00edcula anti-colapso tridimensional, el rizo no colgar\u00e1 por mucho tiempo. La f\u00f3rmula es impermeable y resistente a las manchas, y puede resistir eficazmente el sudor y el frote sin manchas. La pasta delicada y lisa se combina con una fina cabeza de cepillo para despedirse de las piernas agrupadas y voladoras. Al mismo tiempo, se a\u00f1aden aceite de semilla de cactus y hialuronato de sodio para nutrir el maquillaje, e incluso los principiantes pueden crear f\u00e1cilmente maquillaje delicado para los ojos.<\/span><\/p>","protected":false},"featured_media":3650,"comment_status":"closed","ping_status":"closed","template":"","meta":[],"product_brand":[],"product_cat":[31,15],"product_tag":[],"class_list":{"0":"post-3646","1":"product","2":"type-product","3":"status-publish","4":"has-post-thumbnail","6":"product_cat-eye-makeup","7":"product_cat-makeup","9":"first","10":"instock","11":"shipping-taxable","12":"product-type-simple"},"_links":{"self":[{"href":"https:\/\/www.ouyabeauty.com\/es\/wp-json\/wp\/v2\/product\/3646","targetHints":{"allow":["GET"]}}],"collection":[{"href":"https:\/\/www.ouyabeauty.com\/es\/wp-json\/wp\/v2\/product"}],"about":[{"href":"https:\/\/www.ouyabeauty.com\/es\/wp-json\/wp\/v2\/types\/product"}],"replies":[{"embeddable":true,"href":"https:\/\/www.ouyabeauty.com\/es\/wp-json\/wp\/v2\/comments?post=3646"}],"wp:featuredmedia":[{"embeddable":true,"href":"https:\/\/www.ouyabeauty.com\/es\/wp-json\/wp\/v2\/media\/3650"}],"wp:attachment":[{"href":"https:\/\/www.ouyabeauty.com\/es\/wp-json\/wp\/v2\/media?parent=3646"}],"wp:term":[{"taxonomy":"product_brand","embeddable":true,"href":"https:\/\/www.ouyabeauty.com\/es\/wp-json\/wp\/v2\/product_brand?post=3646"},{"taxonomy":"product_cat","embeddable":true,"href":"https:\/\/www.ouyabeauty.com\/es\/wp-json\/wp\/v2\/product_cat?post=3646"},{"taxonomy":"product_tag","embeddable":true,"href":"https:\/\/www.ouyabeauty.com\/es\/wp-json\/wp\/v2\/product_tag?post=3646"}],"curies":[{"name":"wp","href":"https:\/\/api.w.org\/{rel}","templated":true}]}}