{"id":3823,"date":"2026-04-10T20:59:41","date_gmt":"2026-04-10T12:59:41","guid":{"rendered":"https:\/\/www.ouyabeauty.com\/?post_type=product&#038;p=3823"},"modified":"2026-04-11T08:29:04","modified_gmt":"2026-04-11T00:29:04","slug":"custom-longwear-liquid-lipstick-manufactures-lg0001-a29","status":"publish","type":"product","link":"https:\/\/www.ouyabeauty.com\/es\/product\/custom-longwear-liquid-lipstick-manufactures-lg0001-a29\/","title":{"rendered":"Custom Longwear l\u00e1piz labial l\u00edquido fabrica LG0001-A29"},"content":{"rendered":"<p><span style=\"font-size: 18pt; color: #ff0000;\"><strong><b>\u00bfC\u00f3mo aplicar?<\/b><\/strong><\/span><\/p>\n<p>PASO 01: Si tus labios se sienten secos, toca una capa delgada de b\u00e1lsamo labial, espera uno o dos minutos y luego borra suavemente el aceite extra.<\/p>\n<p>PASO 02: Torce la tapa, sumerge la varilla flocada incorporada en el brillo y raspa cualquier excedente en el borde del tubo.<\/p>\n<p>PASO 03: Comience en la proa, barre a lo largo de la l\u00ednea de los labios hacia las esquinas y luego llene el labio inferior. La textura sedosa se construye f\u00e1cilmente, as\u00ed que agrega m\u00e1s capas poco a poco para un gradiente suave o un pop de color audaz.<\/p>\n<p>Paso 4: Presiona los labios ligeramente una o dos veces para ayudar al brillo a establecerse en cada l\u00ednea, luego d\u00e9jalo unos treinta segundos para establecerse en un acabado mate antes de comer o beber.<\/p>","protected":false},"excerpt":{"rendered":"<p>Este brillante labial de tono fresco y duradero ofrece color y brillo de cobertura completa durante hasta 16 horas. Se desliza suavemente a lo largo de cada l\u00ednea labial, nunca se establece en l\u00edneas labiales o se vuelve parches. Este l\u00e1piz labial semi-permanente cuenta con tecnolog\u00eda de bloqueo de color, y es a prueba de besos, resistente a manchas y no sangra. No hay necesidad de retoques.<\/p>","protected":false},"featured_media":3828,"comment_status":"closed","ping_status":"closed","template":"","meta":[],"product_brand":[],"product_cat":[30,15],"product_tag":[],"class_list":{"0":"post-3823","1":"product","2":"type-product","3":"status-publish","4":"has-post-thumbnail","6":"product_cat-lip-makeup","7":"product_cat-makeup","9":"first","10":"instock","11":"shipping-taxable","12":"product-type-simple"},"_links":{"self":[{"href":"https:\/\/www.ouyabeauty.com\/es\/wp-json\/wp\/v2\/product\/3823","targetHints":{"allow":["GET"]}}],"collection":[{"href":"https:\/\/www.ouyabeauty.com\/es\/wp-json\/wp\/v2\/product"}],"about":[{"href":"https:\/\/www.ouyabeauty.com\/es\/wp-json\/wp\/v2\/types\/product"}],"replies":[{"embeddable":true,"href":"https:\/\/www.ouyabeauty.com\/es\/wp-json\/wp\/v2\/comments?post=3823"}],"wp:featuredmedia":[{"embeddable":true,"href":"https:\/\/www.ouyabeauty.com\/es\/wp-json\/wp\/v2\/media\/3828"}],"wp:attachment":[{"href":"https:\/\/www.ouyabeauty.com\/es\/wp-json\/wp\/v2\/media?parent=3823"}],"wp:term":[{"taxonomy":"product_brand","embeddable":true,"href":"https:\/\/www.ouyabeauty.com\/es\/wp-json\/wp\/v2\/product_brand?post=3823"},{"taxonomy":"product_cat","embeddable":true,"href":"https:\/\/www.ouyabeauty.com\/es\/wp-json\/wp\/v2\/product_cat?post=3823"},{"taxonomy":"product_tag","embeddable":true,"href":"https:\/\/www.ouyabeauty.com\/es\/wp-json\/wp\/v2\/product_tag?post=3823"}],"curies":[{"name":"WP","href":"https:\/\/api.w.org\/{rel}","templated":true}]}}